{"id":10723,"date":"2026-04-17T13:21:25","date_gmt":"2026-04-17T12:21:25","guid":{"rendered":"https:\/\/mybrazil.co.uk\/?post_type=product&#038;p=10723"},"modified":"2026-04-17T13:36:19","modified_gmt":"2026-04-17T12:36:19","slug":"vapza-mandioca-2-5-kg","status":"publish","type":"product","link":"https:\/\/mybrazil.co.uk\/en\/shop\/vapza-mandioca-2-5-kg\/","title":{"rendered":"Vapza Mandioca 2.5 Kg"},"content":{"rendered":"<p>A Mandioca Vapza 2,5kg \u00e9 um alimento pronto, j\u00e1 cozido no vapor e embalado a v\u00e1cuo, ideal para quem busca praticidade e qualidade na cozinha. Produzida com mandioca selecionada, mant\u00e9m a textura macia e o sabor natural do alimento, preservando seus nutrientes. Vers\u00e1til, pode ser utilizada em diversas receitas como pur\u00eas, escondidinhos, frituras, sopas e acompanhamentos. N\u00e3o cont\u00e9m gl\u00faten e dispensa refrigera\u00e7\u00e3o antes de aberta, sendo perfeita tanto para uso dom\u00e9stico quanto profissional. Basta abrir, aquecer ou temperar e servir.<\/p>","protected":false},"excerpt":{"rendered":"<p>A Mandioca Vapza 2,5kg \u00e9 um alimento pronto, j\u00e1 cozido no vapor e embalado a v\u00e1cuo, ideal para quem busca praticidade e qualidade na cozinha. Produzida com mandioca selecionada, mant\u00e9m a textura macia e o sabor natural do alimento, preservando seus nutrientes. Vers\u00e1til, pode ser utilizada em diversas receitas como pur\u00eas, escondidinhos, frituras, sopas e [&hellip;]<\/p>","protected":false},"featured_media":10724,"comment_status":"open","ping_status":"closed","template":"","meta":{"_acf_changed":false,"_glsr_average":0,"_glsr_ranking":0,"_glsr_reviews":0},"product_brand":[],"product_cat":[94,43,33],"product_tag":[],"class_list":{"0":"post-10723","1":"product","2":"type-product","3":"status-publish","4":"has-post-thumbnail","6":"product_cat-graos-farinhacos","7":"product_cat-grocery","8":"product_cat-ofertas_home","10":"first","11":"instock","12":"sale","13":"purchasable","14":"product-type-simple"},"acf":[],"_links":{"self":[{"href":"https:\/\/mybrazil.co.uk\/en\/wp-json\/wp\/v2\/product\/10723","targetHints":{"allow":["GET"]}}],"collection":[{"href":"https:\/\/mybrazil.co.uk\/en\/wp-json\/wp\/v2\/product"}],"about":[{"href":"https:\/\/mybrazil.co.uk\/en\/wp-json\/wp\/v2\/types\/product"}],"replies":[{"embeddable":true,"href":"https:\/\/mybrazil.co.uk\/en\/wp-json\/wp\/v2\/comments?post=10723"}],"wp:featuredmedia":[{"embeddable":true,"href":"https:\/\/mybrazil.co.uk\/en\/wp-json\/wp\/v2\/media\/10724"}],"wp:attachment":[{"href":"https:\/\/mybrazil.co.uk\/en\/wp-json\/wp\/v2\/media?parent=10723"}],"wp:term":[{"taxonomy":"product_brand","embeddable":true,"href":"https:\/\/mybrazil.co.uk\/en\/wp-json\/wp\/v2\/product_brand?post=10723"},{"taxonomy":"product_cat","embeddable":true,"href":"https:\/\/mybrazil.co.uk\/en\/wp-json\/wp\/v2\/product_cat?post=10723"},{"taxonomy":"product_tag","embeddable":true,"href":"https:\/\/mybrazil.co.uk\/en\/wp-json\/wp\/v2\/product_tag?post=10723"}],"curies":[{"name":"wp","href":"https:\/\/api.w.org\/{rel}","templated":true}]}}