{"id":10689,"date":"2026-04-16T18:54:33","date_gmt":"2026-04-16T17:54:33","guid":{"rendered":"https:\/\/mybrazil.co.uk\/?post_type=product&#038;p=10689"},"modified":"2026-04-20T13:30:23","modified_gmt":"2026-04-20T12:30:23","slug":"colorifico-sinha-100g","status":"publish","type":"product","link":"https:\/\/mybrazil.co.uk\/en\/shop\/colorifico-sinha-100g\/","title":{"rendered":"Colorifico Sinha 100g"},"content":{"rendered":"<p>O Color\u00edfico Sinh\u00e1 100g \u00e9 um tempero tradicional brasileiro \u00e0 base de urucum, ideal para dar cor e real\u00e7ar o sabor de diversas receitas. Com sua colora\u00e7\u00e3o avermelhada vibrante e sabor suave, \u00e9 perfeito para preparar arroz, feij\u00e3o, carnes, aves, peixes e refogados. Pr\u00e1tico e vers\u00e1til, \u00e9 amplamente utilizado na culin\u00e1ria do dia a dia, proporcionando um toque caseiro e apetitoso aos pratos sem alterar significativamente o sabor original dos alimentos.<\/p>","protected":false},"excerpt":{"rendered":"<p>O Color\u00edfico Sinh\u00e1 100g \u00e9 um tempero tradicional brasileiro \u00e0 base de urucum, ideal para dar cor e real\u00e7ar o sabor de diversas receitas. Com sua colora\u00e7\u00e3o avermelhada vibrante e sabor suave, \u00e9 perfeito para preparar arroz, feij\u00e3o, carnes, aves, peixes e refogados. Pr\u00e1tico e vers\u00e1til, \u00e9 amplamente utilizado na culin\u00e1ria do dia a dia, [&hellip;]<\/p>","protected":false},"featured_media":10690,"comment_status":"open","ping_status":"closed","template":"","meta":{"_acf_changed":false,"_glsr_average":0,"_glsr_ranking":0,"_glsr_reviews":0},"product_brand":[],"product_cat":[93,43],"product_tag":[],"class_list":{"0":"post-10689","1":"product","2":"type-product","3":"status-publish","4":"has-post-thumbnail","6":"product_cat-chas-ervas","7":"product_cat-grocery","9":"first","10":"instock","11":"purchasable","12":"product-type-simple"},"acf":[],"_links":{"self":[{"href":"https:\/\/mybrazil.co.uk\/en\/wp-json\/wp\/v2\/product\/10689","targetHints":{"allow":["GET"]}}],"collection":[{"href":"https:\/\/mybrazil.co.uk\/en\/wp-json\/wp\/v2\/product"}],"about":[{"href":"https:\/\/mybrazil.co.uk\/en\/wp-json\/wp\/v2\/types\/product"}],"replies":[{"embeddable":true,"href":"https:\/\/mybrazil.co.uk\/en\/wp-json\/wp\/v2\/comments?post=10689"}],"wp:featuredmedia":[{"embeddable":true,"href":"https:\/\/mybrazil.co.uk\/en\/wp-json\/wp\/v2\/media\/10690"}],"wp:attachment":[{"href":"https:\/\/mybrazil.co.uk\/en\/wp-json\/wp\/v2\/media?parent=10689"}],"wp:term":[{"taxonomy":"product_brand","embeddable":true,"href":"https:\/\/mybrazil.co.uk\/en\/wp-json\/wp\/v2\/product_brand?post=10689"},{"taxonomy":"product_cat","embeddable":true,"href":"https:\/\/mybrazil.co.uk\/en\/wp-json\/wp\/v2\/product_cat?post=10689"},{"taxonomy":"product_tag","embeddable":true,"href":"https:\/\/mybrazil.co.uk\/en\/wp-json\/wp\/v2\/product_tag?post=10689"}],"curies":[{"name":"wp","href":"https:\/\/api.w.org\/{rel}","templated":true}]}}