{"id":10687,"date":"2026-04-16T18:15:31","date_gmt":"2026-04-16T17:15:31","guid":{"rendered":"https:\/\/mybrazil.co.uk\/?post_type=product&#038;p=10687"},"modified":"2026-04-20T12:04:48","modified_gmt":"2026-04-20T11:04:48","slug":"torrada-multigraos-bauducco-142g","status":"publish","type":"product","link":"https:\/\/mybrazil.co.uk\/en\/shop\/torrada-multigraos-bauducco-142g\/","title":{"rendered":"Torrada Multigraos Bauducco 142g"},"content":{"rendered":"<p>A Torrada Multigr\u00e3os Bauducco 142g \u00e9 uma op\u00e7\u00e3o leve, crocante e nutritiva, ideal para o caf\u00e9 da manh\u00e3 ou lanches ao longo do dia. Produzida com uma combina\u00e7\u00e3o especial de gr\u00e3os como quinoa, aveia, linha\u00e7a, centeio, cevada e gergelim, oferece uma textura \u00fanica e sabor equilibrado, levemente salgado. Fonte de fibras, \u00e9 perfeita para acompanhar pat\u00eas, geleias, queijos ou consumir pura, trazendo praticidade e um toque saud\u00e1vel \u00e0 sua rotina alimentar.<\/p>","protected":false},"excerpt":{"rendered":"<p>A Torrada Multigr\u00e3os Bauducco 142g \u00e9 uma op\u00e7\u00e3o leve, crocante e nutritiva, ideal para o caf\u00e9 da manh\u00e3 ou lanches ao longo do dia. Produzida com uma combina\u00e7\u00e3o especial de gr\u00e3os como quinoa, aveia, linha\u00e7a, centeio, cevada e gergelim, oferece uma textura \u00fanica e sabor equilibrado, levemente salgado. Fonte de fibras, \u00e9 perfeita para acompanhar [&hellip;]<\/p>","protected":false},"featured_media":10688,"comment_status":"open","ping_status":"closed","template":"","meta":{"_acf_changed":false,"_glsr_average":0,"_glsr_ranking":0,"_glsr_reviews":0},"product_brand":[],"product_cat":[92,43],"product_tag":[],"class_list":{"0":"post-10687","1":"product","2":"type-product","3":"status-publish","4":"has-post-thumbnail","6":"product_cat-bolachas-biscoitos-salgadinhos","7":"product_cat-grocery","9":"first","10":"instock","11":"purchasable","12":"product-type-simple"},"acf":[],"_links":{"self":[{"href":"https:\/\/mybrazil.co.uk\/en\/wp-json\/wp\/v2\/product\/10687","targetHints":{"allow":["GET"]}}],"collection":[{"href":"https:\/\/mybrazil.co.uk\/en\/wp-json\/wp\/v2\/product"}],"about":[{"href":"https:\/\/mybrazil.co.uk\/en\/wp-json\/wp\/v2\/types\/product"}],"replies":[{"embeddable":true,"href":"https:\/\/mybrazil.co.uk\/en\/wp-json\/wp\/v2\/comments?post=10687"}],"wp:featuredmedia":[{"embeddable":true,"href":"https:\/\/mybrazil.co.uk\/en\/wp-json\/wp\/v2\/media\/10688"}],"wp:attachment":[{"href":"https:\/\/mybrazil.co.uk\/en\/wp-json\/wp\/v2\/media?parent=10687"}],"wp:term":[{"taxonomy":"product_brand","embeddable":true,"href":"https:\/\/mybrazil.co.uk\/en\/wp-json\/wp\/v2\/product_brand?post=10687"},{"taxonomy":"product_cat","embeddable":true,"href":"https:\/\/mybrazil.co.uk\/en\/wp-json\/wp\/v2\/product_cat?post=10687"},{"taxonomy":"product_tag","embeddable":true,"href":"https:\/\/mybrazil.co.uk\/en\/wp-json\/wp\/v2\/product_tag?post=10687"}],"curies":[{"name":"wp","href":"https:\/\/api.w.org\/{rel}","templated":true}]}}