{"id":10678,"date":"2026-04-16T15:23:23","date_gmt":"2026-04-16T14:23:23","guid":{"rendered":"https:\/\/mybrazil.co.uk\/?post_type=product&#038;p=10678"},"modified":"2026-04-16T18:37:14","modified_gmt":"2026-04-16T17:37:14","slug":"kit-de-chimarrao-bomba-e-cuia-promate","status":"publish","type":"product","link":"https:\/\/mybrazil.co.uk\/en\/shop\/kit-de-chimarrao-bomba-e-cuia-promate\/","title":{"rendered":"Kit de Chimarrao, bomba e cuia Promate"},"content":{"rendered":"<p><strong data-start=\"75\" data-end=\"118\">Kit de Chimarr\u00e3o Promate (Cuia + Bomba)<\/strong> \u00e9 um conjunto tradicional brasileiro utilizado para o preparo do chimarr\u00e3o, bebida t\u00edpica do sul do Brasil feita com erva-mate quente. O kit inclui uma <strong data-start=\"271\" data-end=\"307\">cuia (caba\u00e7a de porongo natural)<\/strong> e uma <strong data-start=\"314\" data-end=\"350\">bomba met\u00e1lica (inox ou cromada)<\/strong>, projetada para filtrar a erva e permitir a suc\u00e7\u00e3o da bebida.<\/p>","protected":false},"excerpt":{"rendered":"<p>Kit de Chimarr\u00e3o Promate (Cuia + Bomba) \u00e9 um conjunto tradicional brasileiro utilizado para o preparo do chimarr\u00e3o, bebida t\u00edpica do sul do Brasil feita com erva-mate quente. O kit inclui uma cuia (caba\u00e7a de porongo natural) e uma bomba met\u00e1lica (inox ou cromada), projetada para filtrar a erva e permitir a suc\u00e7\u00e3o da bebida.<\/p>","protected":false},"featured_media":10679,"comment_status":"open","ping_status":"closed","template":"","meta":{"_acf_changed":false,"_glsr_average":0,"_glsr_ranking":0,"_glsr_reviews":0},"product_brand":[],"product_cat":[43,108],"product_tag":[],"class_list":{"0":"post-10678","1":"product","2":"type-product","3":"status-publish","4":"has-post-thumbnail","6":"product_cat-grocery","7":"product_cat-terere-e-chimarrao","9":"first","10":"instock","11":"taxable","12":"shipping-taxable","13":"purchasable","14":"product-type-simple"},"acf":[],"_links":{"self":[{"href":"https:\/\/mybrazil.co.uk\/en\/wp-json\/wp\/v2\/product\/10678","targetHints":{"allow":["GET"]}}],"collection":[{"href":"https:\/\/mybrazil.co.uk\/en\/wp-json\/wp\/v2\/product"}],"about":[{"href":"https:\/\/mybrazil.co.uk\/en\/wp-json\/wp\/v2\/types\/product"}],"replies":[{"embeddable":true,"href":"https:\/\/mybrazil.co.uk\/en\/wp-json\/wp\/v2\/comments?post=10678"}],"wp:featuredmedia":[{"embeddable":true,"href":"https:\/\/mybrazil.co.uk\/en\/wp-json\/wp\/v2\/media\/10679"}],"wp:attachment":[{"href":"https:\/\/mybrazil.co.uk\/en\/wp-json\/wp\/v2\/media?parent=10678"}],"wp:term":[{"taxonomy":"product_brand","embeddable":true,"href":"https:\/\/mybrazil.co.uk\/en\/wp-json\/wp\/v2\/product_brand?post=10678"},{"taxonomy":"product_cat","embeddable":true,"href":"https:\/\/mybrazil.co.uk\/en\/wp-json\/wp\/v2\/product_cat?post=10678"},{"taxonomy":"product_tag","embeddable":true,"href":"https:\/\/mybrazil.co.uk\/en\/wp-json\/wp\/v2\/product_tag?post=10678"}],"curies":[{"name":"wp","href":"https:\/\/api.w.org\/{rel}","templated":true}]}}