{"id":10675,"date":"2026-04-16T15:21:50","date_gmt":"2026-04-16T14:21:50","guid":{"rendered":"https:\/\/mybrazil.co.uk\/?post_type=product&#038;p=10675"},"modified":"2026-04-18T19:01:20","modified_gmt":"2026-04-18T18:01:20","slug":"caixa-de-sortidos-dadinhos-185g","status":"publish","type":"product","link":"https:\/\/mybrazil.co.uk\/en\/shop\/caixa-de-sortidos-dadinhos-185g\/","title":{"rendered":"Caixa de sortidos dadinhos 185g"},"content":{"rendered":"<p data-start=\"35\" data-end=\"335\">Uma sele\u00e7\u00e3o especial de doces brasileiros \u00e0 base de amendoim, reunindo diferentes vers\u00f5es da linha Dadinho em uma \u00fanica embalagem. Pode incluir combina\u00e7\u00f5es como bombons, wafers, bites e o cl\u00e1ssico Dadinho tradicional, oferecendo variedade de texturas e sabores.<\/p>\n<p data-start=\"337\" data-end=\"575\">Com o sabor marcante de amendoim e toque doce caracter\u00edstico, \u00e9 ideal para compartilhar, presentear ou consumir no dia a dia. Uma op\u00e7\u00e3o pr\u00e1tica e nost\u00e1lgica que agrada tanto adultos quanto crian\u00e7as.<\/p>","protected":false},"excerpt":{"rendered":"<p>Uma sele\u00e7\u00e3o especial de doces brasileiros \u00e0 base de amendoim, reunindo diferentes vers\u00f5es da linha Dadinho em uma \u00fanica embalagem. Pode incluir combina\u00e7\u00f5es como bombons, wafers, bites e o cl\u00e1ssico Dadinho tradicional, oferecendo variedade de texturas e sabores. Com o sabor marcante de amendoim e toque doce caracter\u00edstico, \u00e9 ideal para compartilhar, presentear ou consumir [&hellip;]<\/p>","protected":false},"featured_media":10676,"comment_status":"open","ping_status":"closed","template":"","meta":{"_acf_changed":false,"_glsr_average":0,"_glsr_ranking":0,"_glsr_reviews":0},"product_brand":[],"product_cat":[46,43],"product_tag":[],"class_list":{"0":"post-10675","1":"product","2":"type-product","3":"status-publish","4":"has-post-thumbnail","6":"product_cat-sweets","7":"product_cat-grocery","9":"first","10":"instock","11":"taxable","12":"shipping-taxable","13":"purchasable","14":"product-type-simple"},"acf":[],"_links":{"self":[{"href":"https:\/\/mybrazil.co.uk\/en\/wp-json\/wp\/v2\/product\/10675","targetHints":{"allow":["GET"]}}],"collection":[{"href":"https:\/\/mybrazil.co.uk\/en\/wp-json\/wp\/v2\/product"}],"about":[{"href":"https:\/\/mybrazil.co.uk\/en\/wp-json\/wp\/v2\/types\/product"}],"replies":[{"embeddable":true,"href":"https:\/\/mybrazil.co.uk\/en\/wp-json\/wp\/v2\/comments?post=10675"}],"wp:featuredmedia":[{"embeddable":true,"href":"https:\/\/mybrazil.co.uk\/en\/wp-json\/wp\/v2\/media\/10676"}],"wp:attachment":[{"href":"https:\/\/mybrazil.co.uk\/en\/wp-json\/wp\/v2\/media?parent=10675"}],"wp:term":[{"taxonomy":"product_brand","embeddable":true,"href":"https:\/\/mybrazil.co.uk\/en\/wp-json\/wp\/v2\/product_brand?post=10675"},{"taxonomy":"product_cat","embeddable":true,"href":"https:\/\/mybrazil.co.uk\/en\/wp-json\/wp\/v2\/product_cat?post=10675"},{"taxonomy":"product_tag","embeddable":true,"href":"https:\/\/mybrazil.co.uk\/en\/wp-json\/wp\/v2\/product_tag?post=10675"}],"curies":[{"name":"wp","href":"https:\/\/api.w.org\/{rel}","templated":true}]}}