{"id":10673,"date":"2026-04-16T15:07:21","date_gmt":"2026-04-16T14:07:21","guid":{"rendered":"https:\/\/mybrazil.co.uk\/?post_type=product&#038;p=10673"},"modified":"2026-04-16T18:37:14","modified_gmt":"2026-04-16T17:37:14","slug":"suco-compal-protecao-anti-ox-1l","status":"publish","type":"product","link":"https:\/\/mybrazil.co.uk\/en\/shop\/suco-compal-protecao-anti-ox-1l\/","title":{"rendered":"Suco Compal Protecao anti-ox 1L"},"content":{"rendered":"<p><strong data-start=\"189\" data-end=\"249\">Suco Compal Prote\u00e7\u00e3o Anti-Ox Laranja, Cenoura e Manga 1L<\/strong> \u00e9 uma bebida funcional da linha Vital, que combina frutas cuidadosamente selecionadas com cenoura para oferecer um sabor equilibrado e refrescante. Enriquecido com antioxidantes, vitamina E, zinco e sel\u00e9nio, contribui para a prote\u00e7\u00e3o das c\u00e9lulas contra o stress oxidativo. Com baixo teor cal\u00f3rico e ado\u00e7ado com est\u00e9via, \u00e9 ideal para quem procura uma op\u00e7\u00e3o saud\u00e1vel e leve para o dia a dia. Perfeito para consumir bem gelado em qualquer momento.<\/p>","protected":false},"excerpt":{"rendered":"<p>Suco Compal Prote\u00e7\u00e3o Anti-Ox Laranja, Cenoura e Manga 1L \u00e9 uma bebida funcional da linha Vital, que combina frutas cuidadosamente selecionadas com cenoura para oferecer um sabor equilibrado e refrescante. Enriquecido com antioxidantes, vitamina E, zinco e sel\u00e9nio, contribui para a prote\u00e7\u00e3o das c\u00e9lulas contra o stress oxidativo. Com baixo teor cal\u00f3rico e ado\u00e7ado com [&hellip;]<\/p>","protected":false},"featured_media":10674,"comment_status":"open","ping_status":"closed","template":"","meta":{"_acf_changed":false,"_glsr_average":0,"_glsr_ranking":0,"_glsr_reviews":0},"product_brand":[],"product_cat":[42,91],"product_tag":[],"class_list":{"0":"post-10673","1":"product","2":"type-product","3":"status-publish","4":"has-post-thumbnail","6":"product_cat-drink","7":"product_cat-sucos","9":"first","10":"instock","11":"taxable","12":"shipping-taxable","13":"purchasable","14":"product-type-simple"},"acf":[],"_links":{"self":[{"href":"https:\/\/mybrazil.co.uk\/en\/wp-json\/wp\/v2\/product\/10673","targetHints":{"allow":["GET"]}}],"collection":[{"href":"https:\/\/mybrazil.co.uk\/en\/wp-json\/wp\/v2\/product"}],"about":[{"href":"https:\/\/mybrazil.co.uk\/en\/wp-json\/wp\/v2\/types\/product"}],"replies":[{"embeddable":true,"href":"https:\/\/mybrazil.co.uk\/en\/wp-json\/wp\/v2\/comments?post=10673"}],"wp:featuredmedia":[{"embeddable":true,"href":"https:\/\/mybrazil.co.uk\/en\/wp-json\/wp\/v2\/media\/10674"}],"wp:attachment":[{"href":"https:\/\/mybrazil.co.uk\/en\/wp-json\/wp\/v2\/media?parent=10673"}],"wp:term":[{"taxonomy":"product_brand","embeddable":true,"href":"https:\/\/mybrazil.co.uk\/en\/wp-json\/wp\/v2\/product_brand?post=10673"},{"taxonomy":"product_cat","embeddable":true,"href":"https:\/\/mybrazil.co.uk\/en\/wp-json\/wp\/v2\/product_cat?post=10673"},{"taxonomy":"product_tag","embeddable":true,"href":"https:\/\/mybrazil.co.uk\/en\/wp-json\/wp\/v2\/product_tag?post=10673"}],"curies":[{"name":"wp","href":"https:\/\/api.w.org\/{rel}","templated":true}]}}