{"id":10671,"date":"2026-04-16T14:54:28","date_gmt":"2026-04-16T13:54:28","guid":{"rendered":"https:\/\/mybrazil.co.uk\/?post_type=product&#038;p=10671"},"modified":"2026-04-16T18:37:14","modified_gmt":"2026-04-16T17:37:14","slug":"suco-compal-de-laranja-1l","status":"publish","type":"product","link":"https:\/\/mybrazil.co.uk\/en\/shop\/suco-compal-de-laranja-1l\/","title":{"rendered":"Suco compal de Laranja 1L"},"content":{"rendered":"<p>Um sumo 100% fruta, elaborado a partir de laranjas selecionadas, oferecendo um equil\u00edbrio perfeito entre do\u00e7ura e acidez. Sem adi\u00e7\u00e3o de a\u00e7\u00facares, conservantes ou corantes artificiais, preserva o sabor natural da fruta. Ideal para o pequeno-almo\u00e7o, lanches ou para acompanhar refei\u00e7\u00f5es, \u00e9 uma op\u00e7\u00e3o refrescante, pr\u00e1tica e nutritiva para o dia a dia.<\/p>","protected":false},"excerpt":{"rendered":"<p>Um sumo 100% fruta, elaborado a partir de laranjas selecionadas, oferecendo um equil\u00edbrio perfeito entre do\u00e7ura e acidez. Sem adi\u00e7\u00e3o de a\u00e7\u00facares, conservantes ou corantes artificiais, preserva o sabor natural da fruta. Ideal para o pequeno-almo\u00e7o, lanches ou para acompanhar refei\u00e7\u00f5es, \u00e9 uma op\u00e7\u00e3o refrescante, pr\u00e1tica e nutritiva para o dia a dia.<\/p>","protected":false},"featured_media":10672,"comment_status":"open","ping_status":"closed","template":"","meta":{"_acf_changed":false,"_glsr_average":0,"_glsr_ranking":0,"_glsr_reviews":0},"product_brand":[],"product_cat":[42,91],"product_tag":[],"class_list":{"0":"post-10671","1":"product","2":"type-product","3":"status-publish","4":"has-post-thumbnail","6":"product_cat-drink","7":"product_cat-sucos","9":"first","10":"instock","11":"taxable","12":"shipping-taxable","13":"purchasable","14":"product-type-simple"},"acf":[],"_links":{"self":[{"href":"https:\/\/mybrazil.co.uk\/en\/wp-json\/wp\/v2\/product\/10671","targetHints":{"allow":["GET"]}}],"collection":[{"href":"https:\/\/mybrazil.co.uk\/en\/wp-json\/wp\/v2\/product"}],"about":[{"href":"https:\/\/mybrazil.co.uk\/en\/wp-json\/wp\/v2\/types\/product"}],"replies":[{"embeddable":true,"href":"https:\/\/mybrazil.co.uk\/en\/wp-json\/wp\/v2\/comments?post=10671"}],"wp:featuredmedia":[{"embeddable":true,"href":"https:\/\/mybrazil.co.uk\/en\/wp-json\/wp\/v2\/media\/10672"}],"wp:attachment":[{"href":"https:\/\/mybrazil.co.uk\/en\/wp-json\/wp\/v2\/media?parent=10671"}],"wp:term":[{"taxonomy":"product_brand","embeddable":true,"href":"https:\/\/mybrazil.co.uk\/en\/wp-json\/wp\/v2\/product_brand?post=10671"},{"taxonomy":"product_cat","embeddable":true,"href":"https:\/\/mybrazil.co.uk\/en\/wp-json\/wp\/v2\/product_cat?post=10671"},{"taxonomy":"product_tag","embeddable":true,"href":"https:\/\/mybrazil.co.uk\/en\/wp-json\/wp\/v2\/product_tag?post=10671"}],"curies":[{"name":"wp","href":"https:\/\/api.w.org\/{rel}","templated":true}]}}