{"id":10668,"date":"2026-04-16T14:48:08","date_gmt":"2026-04-16T13:48:08","guid":{"rendered":"https:\/\/mybrazil.co.uk\/?post_type=product&#038;p=10668"},"modified":"2026-04-16T18:37:14","modified_gmt":"2026-04-16T17:37:14","slug":"suco-compal-frutas-do-pomar-1l","status":"publish","type":"product","link":"https:\/\/mybrazil.co.uk\/en\/shop\/suco-compal-frutas-do-pomar-1l\/","title":{"rendered":"Suco Compal frutas do Pomar 1L"},"content":{"rendered":"<p><strong data-start=\"221\" data-end=\"255\">Suco Compal Frutas do Pomar 1L<\/strong> \u00e9 um n\u00e9ctar de frutas portugu\u00eas que combina sabores cl\u00e1ssicos do pomar como ma\u00e7\u00e3, p\u00eara, p\u00eassego e morango, criando uma bebida leve, equilibrada e refrescante. Produzido com pelo menos 51% de fruta, apresenta sabor suave e naturalmente adocicado, ideal para consumo no dia a dia. Perfeito para acompanhar refei\u00e7\u00f5es, lanches ou ser consumido bem gelado em momentos de descanso.<\/p>","protected":false},"excerpt":{"rendered":"<p>Suco Compal Frutas do Pomar 1L \u00e9 um n\u00e9ctar de frutas portugu\u00eas que combina sabores cl\u00e1ssicos do pomar como ma\u00e7\u00e3, p\u00eara, p\u00eassego e morango, criando uma bebida leve, equilibrada e refrescante. Produzido com pelo menos 51% de fruta, apresenta sabor suave e naturalmente adocicado, ideal para consumo no dia a dia. Perfeito para acompanhar refei\u00e7\u00f5es, [&hellip;]<\/p>","protected":false},"featured_media":10670,"comment_status":"open","ping_status":"closed","template":"","meta":{"_acf_changed":false,"_glsr_average":0,"_glsr_ranking":0,"_glsr_reviews":0},"product_brand":[],"product_cat":[42,91],"product_tag":[],"class_list":{"0":"post-10668","1":"product","2":"type-product","3":"status-publish","4":"has-post-thumbnail","6":"product_cat-drink","7":"product_cat-sucos","9":"first","10":"instock","11":"taxable","12":"shipping-taxable","13":"purchasable","14":"product-type-simple"},"acf":[],"_links":{"self":[{"href":"https:\/\/mybrazil.co.uk\/en\/wp-json\/wp\/v2\/product\/10668","targetHints":{"allow":["GET"]}}],"collection":[{"href":"https:\/\/mybrazil.co.uk\/en\/wp-json\/wp\/v2\/product"}],"about":[{"href":"https:\/\/mybrazil.co.uk\/en\/wp-json\/wp\/v2\/types\/product"}],"replies":[{"embeddable":true,"href":"https:\/\/mybrazil.co.uk\/en\/wp-json\/wp\/v2\/comments?post=10668"}],"wp:featuredmedia":[{"embeddable":true,"href":"https:\/\/mybrazil.co.uk\/en\/wp-json\/wp\/v2\/media\/10670"}],"wp:attachment":[{"href":"https:\/\/mybrazil.co.uk\/en\/wp-json\/wp\/v2\/media?parent=10668"}],"wp:term":[{"taxonomy":"product_brand","embeddable":true,"href":"https:\/\/mybrazil.co.uk\/en\/wp-json\/wp\/v2\/product_brand?post=10668"},{"taxonomy":"product_cat","embeddable":true,"href":"https:\/\/mybrazil.co.uk\/en\/wp-json\/wp\/v2\/product_cat?post=10668"},{"taxonomy":"product_tag","embeddable":true,"href":"https:\/\/mybrazil.co.uk\/en\/wp-json\/wp\/v2\/product_tag?post=10668"}],"curies":[{"name":"wp","href":"https:\/\/api.w.org\/{rel}","templated":true}]}}