{"id":10664,"date":"2026-04-16T13:15:39","date_gmt":"2026-04-16T12:15:39","guid":{"rendered":"https:\/\/mybrazil.co.uk\/?post_type=product&#038;p=10664"},"modified":"2026-04-17T17:45:21","modified_gmt":"2026-04-17T16:45:21","slug":"pimenta-malagueta-75g-aroma-dminas","status":"publish","type":"product","link":"https:\/\/mybrazil.co.uk\/en\/shop\/pimenta-malagueta-75g-aroma-dminas\/","title":{"rendered":"Pimenta Malagueta 75g Aroma D&#8217;minas"},"content":{"rendered":"<p><strong data-start=\"201\" data-end=\"242\">Pimenta Malagueta 75g \u2013 Aroma D\u2019Minas<\/strong> \u00e9 um tempero tradicional brasileiro conhecido pela sua ard\u00eancia marcante e sabor intenso. Conservada geralmente em vinagre, mant\u00e9m o frescor e o aroma caracter\u00edstico da pimenta malagueta, sendo ideal para dar um toque picante a pratos como feijoada, carnes, caldos, molhos e marinadas. Pr\u00e1tica e pronta para uso, \u00e9 perfeita para quem aprecia sabores fortes e aut\u00eanticos na cozinha.<\/p>","protected":false},"excerpt":{"rendered":"<p>Pimenta Malagueta 75g \u2013 Aroma D\u2019Minas \u00e9 um tempero tradicional brasileiro conhecido pela sua ard\u00eancia marcante e sabor intenso. Conservada geralmente em vinagre, mant\u00e9m o frescor e o aroma caracter\u00edstico da pimenta malagueta, sendo ideal para dar um toque picante a pratos como feijoada, carnes, caldos, molhos e marinadas. Pr\u00e1tica e pronta para uso, \u00e9 [&hellip;]<\/p>","protected":false},"featured_media":10666,"comment_status":"open","ping_status":"closed","template":"","meta":{"_acf_changed":false,"_glsr_average":0,"_glsr_ranking":0,"_glsr_reviews":0},"product_brand":[],"product_cat":[86,95,41],"product_tag":[],"class_list":{"0":"post-10664","1":"product","2":"type-product","3":"status-publish","4":"has-post-thumbnail","6":"product_cat-condiment-2","7":"product_cat-pimentas","8":"product_cat-condiments-and-sauce","10":"first","11":"instock","12":"purchasable","13":"product-type-simple"},"acf":[],"_links":{"self":[{"href":"https:\/\/mybrazil.co.uk\/en\/wp-json\/wp\/v2\/product\/10664","targetHints":{"allow":["GET"]}}],"collection":[{"href":"https:\/\/mybrazil.co.uk\/en\/wp-json\/wp\/v2\/product"}],"about":[{"href":"https:\/\/mybrazil.co.uk\/en\/wp-json\/wp\/v2\/types\/product"}],"replies":[{"embeddable":true,"href":"https:\/\/mybrazil.co.uk\/en\/wp-json\/wp\/v2\/comments?post=10664"}],"wp:featuredmedia":[{"embeddable":true,"href":"https:\/\/mybrazil.co.uk\/en\/wp-json\/wp\/v2\/media\/10666"}],"wp:attachment":[{"href":"https:\/\/mybrazil.co.uk\/en\/wp-json\/wp\/v2\/media?parent=10664"}],"wp:term":[{"taxonomy":"product_brand","embeddable":true,"href":"https:\/\/mybrazil.co.uk\/en\/wp-json\/wp\/v2\/product_brand?post=10664"},{"taxonomy":"product_cat","embeddable":true,"href":"https:\/\/mybrazil.co.uk\/en\/wp-json\/wp\/v2\/product_cat?post=10664"},{"taxonomy":"product_tag","embeddable":true,"href":"https:\/\/mybrazil.co.uk\/en\/wp-json\/wp\/v2\/product_tag?post=10664"}],"curies":[{"name":"wp","href":"https:\/\/api.w.org\/{rel}","templated":true}]}}