{"id":10657,"date":"2026-04-15T14:23:56","date_gmt":"2026-04-15T13:23:56","guid":{"rendered":"https:\/\/mybrazil.co.uk\/?post_type=product&#038;p=10657"},"modified":"2026-04-15T14:24:30","modified_gmt":"2026-04-15T13:24:30","slug":"maminha-brasileira-friboi-1953-1-200-1-300kg-copy","status":"publish","type":"product","link":"https:\/\/mybrazil.co.uk\/en\/shop\/maminha-brasileira-friboi-1953-1-200-1-300kg-copy\/","title":{"rendered":"Maminha Brasileira Friboi 1953 &#8211; 1.200 &#8211; 1.300kg (Copy)"},"content":{"rendered":"<p data-start=\"194\" data-end=\"541\"><strong data-start=\"194\" data-end=\"243\">Maminha <span class=\"hover:entity-accent entity-underline inline cursor-pointer align-baseline\"><span class=\"whitespace-normal\">Friboi 1953<\/span><\/span><\/strong> \u2014 corte premium bovino retirado da parte traseira da alcatra, conhecido pela sua <strong data-start=\"325\" data-end=\"361\">maciez, sucul\u00eancia e sabor suave<\/strong>. A linha 1953 da <span class=\"hover:entity-accent entity-underline inline cursor-pointer align-baseline\"><span class=\"whitespace-normal\">Friboi<\/span><\/span> foi desenvolvida com alto padr\u00e3o de qualidade e sele\u00e7\u00e3o de carnes, oferecendo cortes com melhor acabamento e padroniza\u00e7\u00e3o.<\/p>\n<p data-start=\"543\" data-end=\"844\">A maminha possui formato caracter\u00edstico triangular e leve capa de gordura, sendo ideal para churrasco, grelha, forno ou preparo em pe\u00e7as inteiras. \u00c9 um dos cortes mais populares da culin\u00e1ria brasileira, perfeito para receitas do dia a dia ou ocasi\u00f5es especiais.<\/p>","protected":false},"excerpt":{"rendered":"<p>Maminha Friboi 1953 \u2014 corte premium bovino retirado da parte traseira da alcatra, conhecido pela sua maciez, sucul\u00eancia e sabor suave. A linha 1953 da Friboi foi desenvolvida com alto padr\u00e3o de qualidade e sele\u00e7\u00e3o de carnes, oferecendo cortes com melhor acabamento e padroniza\u00e7\u00e3o. A maminha possui formato caracter\u00edstico triangular e leve capa de gordura, [&hellip;]<\/p>","protected":false},"featured_media":10658,"comment_status":"open","ping_status":"closed","template":"","meta":{"_acf_changed":false,"_glsr_average":0,"_glsr_ranking":0,"_glsr_reviews":0},"product_brand":[],"product_cat":[96,44,78],"product_tag":[],"class_list":{"0":"post-10657","1":"product","2":"type-product","3":"status-publish","4":"has-post-thumbnail","6":"product_cat-bovinos","7":"product_cat-meat","8":"product_cat-mais_vendido_slide_um","10":"first","11":"instock","12":"taxable","13":"shipping-taxable","14":"purchasable","15":"product-type-simple"},"acf":[],"_links":{"self":[{"href":"https:\/\/mybrazil.co.uk\/en\/wp-json\/wp\/v2\/product\/10657","targetHints":{"allow":["GET"]}}],"collection":[{"href":"https:\/\/mybrazil.co.uk\/en\/wp-json\/wp\/v2\/product"}],"about":[{"href":"https:\/\/mybrazil.co.uk\/en\/wp-json\/wp\/v2\/types\/product"}],"replies":[{"embeddable":true,"href":"https:\/\/mybrazil.co.uk\/en\/wp-json\/wp\/v2\/comments?post=10657"}],"wp:featuredmedia":[{"embeddable":true,"href":"https:\/\/mybrazil.co.uk\/en\/wp-json\/wp\/v2\/media\/10658"}],"wp:attachment":[{"href":"https:\/\/mybrazil.co.uk\/en\/wp-json\/wp\/v2\/media?parent=10657"}],"wp:term":[{"taxonomy":"product_brand","embeddable":true,"href":"https:\/\/mybrazil.co.uk\/en\/wp-json\/wp\/v2\/product_brand?post=10657"},{"taxonomy":"product_cat","embeddable":true,"href":"https:\/\/mybrazil.co.uk\/en\/wp-json\/wp\/v2\/product_cat?post=10657"},{"taxonomy":"product_tag","embeddable":true,"href":"https:\/\/mybrazil.co.uk\/en\/wp-json\/wp\/v2\/product_tag?post=10657"}],"curies":[{"name":"wp","href":"https:\/\/api.w.org\/{rel}","templated":true}]}}