{"id":10631,"date":"2026-04-10T18:23:55","date_gmt":"2026-04-10T17:23:55","guid":{"rendered":"https:\/\/mybrazil.co.uk\/?post_type=product&#038;p=10631"},"modified":"2026-04-19T14:36:11","modified_gmt":"2026-04-19T13:36:11","slug":"filet-mignon-suino","status":"publish","type":"product","link":"https:\/\/mybrazil.co.uk\/en\/shop\/filet-mignon-suino\/","title":{"rendered":"Filet Mignon Suino"},"content":{"rendered":"<p>O Filet Mignon Su\u00edno \u00e9 um corte nobre retirado do lombo do porco, conhecido pela sua extrema maciez e baixo teor de gordura. De sabor suave e textura delicada, \u00e9 ideal para preparar medalh\u00f5es, assados, grelhados ou receitas sofisticadas. Vers\u00e1til e f\u00e1cil de cozinhar, adapta-se a diferentes temperos e acompanhamentos, sendo perfeito tanto para refei\u00e7\u00f5es do dia a dia como para ocasi\u00f5es especiais.<\/p>","protected":false},"excerpt":{"rendered":"<p>O Filet Mignon Su\u00edno \u00e9 um corte nobre retirado do lombo do porco, conhecido pela sua extrema maciez e baixo teor de gordura. De sabor suave e textura delicada, \u00e9 ideal para preparar medalh\u00f5es, assados, grelhados ou receitas sofisticadas. Vers\u00e1til e f\u00e1cil de cozinhar, adapta-se a diferentes temperos e acompanhamentos, sendo perfeito tanto para refei\u00e7\u00f5es [&hellip;]<\/p>","protected":false},"featured_media":10632,"comment_status":"open","ping_status":"closed","template":"","meta":{"_acf_changed":false,"_glsr_average":0,"_glsr_ranking":0,"_glsr_reviews":0},"product_brand":[],"product_cat":[44,103,97],"product_tag":[],"class_list":{"0":"post-10631","1":"product","2":"type-product","3":"status-publish","4":"has-post-thumbnail","6":"product_cat-meat","7":"product_cat-churrasco","8":"product_cat-suinos","10":"first","11":"instock","12":"sale","13":"purchasable","14":"product-type-simple"},"acf":[],"_links":{"self":[{"href":"https:\/\/mybrazil.co.uk\/en\/wp-json\/wp\/v2\/product\/10631","targetHints":{"allow":["GET"]}}],"collection":[{"href":"https:\/\/mybrazil.co.uk\/en\/wp-json\/wp\/v2\/product"}],"about":[{"href":"https:\/\/mybrazil.co.uk\/en\/wp-json\/wp\/v2\/types\/product"}],"replies":[{"embeddable":true,"href":"https:\/\/mybrazil.co.uk\/en\/wp-json\/wp\/v2\/comments?post=10631"}],"wp:featuredmedia":[{"embeddable":true,"href":"https:\/\/mybrazil.co.uk\/en\/wp-json\/wp\/v2\/media\/10632"}],"wp:attachment":[{"href":"https:\/\/mybrazil.co.uk\/en\/wp-json\/wp\/v2\/media?parent=10631"}],"wp:term":[{"taxonomy":"product_brand","embeddable":true,"href":"https:\/\/mybrazil.co.uk\/en\/wp-json\/wp\/v2\/product_brand?post=10631"},{"taxonomy":"product_cat","embeddable":true,"href":"https:\/\/mybrazil.co.uk\/en\/wp-json\/wp\/v2\/product_cat?post=10631"},{"taxonomy":"product_tag","embeddable":true,"href":"https:\/\/mybrazil.co.uk\/en\/wp-json\/wp\/v2\/product_tag?post=10631"}],"curies":[{"name":"wp","href":"https:\/\/api.w.org\/{rel}","templated":true}]}}