{"id":10627,"date":"2026-04-10T13:37:04","date_gmt":"2026-04-10T12:37:04","guid":{"rendered":"https:\/\/mybrazil.co.uk\/?post_type=product&#038;p=10627"},"modified":"2026-04-11T14:10:30","modified_gmt":"2026-04-11T13:10:30","slug":"coador-de-cafe-de-pano-pequeno-colonial","status":"publish","type":"product","link":"https:\/\/mybrazil.co.uk\/en\/shop\/coador-de-cafe-de-pano-pequeno-colonial\/","title":{"rendered":"Coador de Caf\u00e9 de Pano Pequeno Colonial"},"content":{"rendered":"<p>O Coador de Caf\u00e9 de Pano Pequeno Colonial \u00e9 um utens\u00edlio tradicional que proporciona um caf\u00e9 com sabor aut\u00eantico e encorpado. Fabricado com malha 100% algod\u00e3o, permite uma filtragem natural que preserva os \u00f3leos essenciais do caf\u00e9, resultando numa bebida mais arom\u00e1tica e rica. Com estrutura resistente em arame e cabo de madeira, \u00e9 dur\u00e1vel, reutiliz\u00e1vel e ecol\u00f3gico. O seu tamanho compacto \u00e9 ideal para preparar pequenas quantidades, sendo perfeito para uso dom\u00e9stico ou para quem aprecia o ritual do caf\u00e9 artesanal.<\/p>","protected":false},"excerpt":{"rendered":"<p>O Coador de Caf\u00e9 de Pano Pequeno Colonial \u00e9 um utens\u00edlio tradicional que proporciona um caf\u00e9 com sabor aut\u00eantico e encorpado. Fabricado com malha 100% algod\u00e3o, permite uma filtragem natural que preserva os \u00f3leos essenciais do caf\u00e9, resultando numa bebida mais arom\u00e1tica e rica. Com estrutura resistente em arame e cabo de madeira, \u00e9 dur\u00e1vel, [&hellip;]<\/p>","protected":false},"featured_media":10628,"comment_status":"open","ping_status":"closed","template":"","meta":{"_acf_changed":false,"_glsr_average":0,"_glsr_ranking":0,"_glsr_reviews":0},"product_brand":[],"product_cat":[107,45],"product_tag":[],"class_list":{"0":"post-10627","1":"product","2":"type-product","3":"status-publish","4":"has-post-thumbnail","6":"product_cat-cafes","7":"product_cat-others","9":"first","10":"instock","11":"taxable","12":"shipping-taxable","13":"purchasable","14":"product-type-simple"},"acf":[],"_links":{"self":[{"href":"https:\/\/mybrazil.co.uk\/en\/wp-json\/wp\/v2\/product\/10627","targetHints":{"allow":["GET"]}}],"collection":[{"href":"https:\/\/mybrazil.co.uk\/en\/wp-json\/wp\/v2\/product"}],"about":[{"href":"https:\/\/mybrazil.co.uk\/en\/wp-json\/wp\/v2\/types\/product"}],"replies":[{"embeddable":true,"href":"https:\/\/mybrazil.co.uk\/en\/wp-json\/wp\/v2\/comments?post=10627"}],"wp:featuredmedia":[{"embeddable":true,"href":"https:\/\/mybrazil.co.uk\/en\/wp-json\/wp\/v2\/media\/10628"}],"wp:attachment":[{"href":"https:\/\/mybrazil.co.uk\/en\/wp-json\/wp\/v2\/media?parent=10627"}],"wp:term":[{"taxonomy":"product_brand","embeddable":true,"href":"https:\/\/mybrazil.co.uk\/en\/wp-json\/wp\/v2\/product_brand?post=10627"},{"taxonomy":"product_cat","embeddable":true,"href":"https:\/\/mybrazil.co.uk\/en\/wp-json\/wp\/v2\/product_cat?post=10627"},{"taxonomy":"product_tag","embeddable":true,"href":"https:\/\/mybrazil.co.uk\/en\/wp-json\/wp\/v2\/product_tag?post=10627"}],"curies":[{"name":"wp","href":"https:\/\/api.w.org\/{rel}","templated":true}]}}