{"id":10626,"date":"2026-04-10T13:36:04","date_gmt":"2026-04-10T12:36:04","guid":{"rendered":"https:\/\/mybrazil.co.uk\/?post_type=product&#038;p=10626"},"modified":"2026-04-10T17:52:52","modified_gmt":"2026-04-10T16:52:52","slug":"naturalmente-doce-plantain-chips-75g-samai","status":"publish","type":"product","link":"https:\/\/mybrazil.co.uk\/en\/shop\/naturalmente-doce-plantain-chips-75g-samai\/","title":{"rendered":"Naturalmente doce Plantain chips 75g Samai"},"content":{"rendered":"<p>Um snack crocante e naturalmente doce, feito a partir de bananas-da-terra maduras cuidadosamente selecionadas. Produzidas em pequenos lotes, preservam o sabor aut\u00eantico e a do\u00e7ura natural da fruta, sem adi\u00e7\u00e3o de a\u00e7\u00facares ou conservantes. Sem gl\u00faten, n\u00e3o transg\u00e9nicas e adequadas para dietas vegetarianas, s\u00e3o ideais para um snack saud\u00e1vel, energ\u00e9tico e saboroso a qualquer momento do dia.<\/p>","protected":false},"excerpt":{"rendered":"<p>Um snack crocante e naturalmente doce, feito a partir de bananas-da-terra maduras cuidadosamente selecionadas. Produzidas em pequenos lotes, preservam o sabor aut\u00eantico e a do\u00e7ura natural da fruta, sem adi\u00e7\u00e3o de a\u00e7\u00facares ou conservantes. Sem gl\u00faten, n\u00e3o transg\u00e9nicas e adequadas para dietas vegetarianas, s\u00e3o ideais para um snack saud\u00e1vel, energ\u00e9tico e saboroso a qualquer momento [&hellip;]<\/p>","protected":false},"featured_media":10625,"comment_status":"open","ping_status":"closed","template":"","meta":{"_acf_changed":false,"_glsr_average":0,"_glsr_ranking":0,"_glsr_reviews":0},"product_brand":[],"product_cat":[112,92,81,43],"product_tag":[],"class_list":{"0":"post-10626","1":"product","2":"type-product","3":"status-publish","4":"has-post-thumbnail","6":"product_cat-acompanhamentos","7":"product_cat-bolachas-biscoitos-salgadinhos","8":"product_cat-grocery-2","9":"product_cat-grocery","11":"first","12":"instock","13":"purchasable","14":"product-type-simple"},"acf":[],"_links":{"self":[{"href":"https:\/\/mybrazil.co.uk\/en\/wp-json\/wp\/v2\/product\/10626","targetHints":{"allow":["GET"]}}],"collection":[{"href":"https:\/\/mybrazil.co.uk\/en\/wp-json\/wp\/v2\/product"}],"about":[{"href":"https:\/\/mybrazil.co.uk\/en\/wp-json\/wp\/v2\/types\/product"}],"replies":[{"embeddable":true,"href":"https:\/\/mybrazil.co.uk\/en\/wp-json\/wp\/v2\/comments?post=10626"}],"wp:featuredmedia":[{"embeddable":true,"href":"https:\/\/mybrazil.co.uk\/en\/wp-json\/wp\/v2\/media\/10625"}],"wp:attachment":[{"href":"https:\/\/mybrazil.co.uk\/en\/wp-json\/wp\/v2\/media?parent=10626"}],"wp:term":[{"taxonomy":"product_brand","embeddable":true,"href":"https:\/\/mybrazil.co.uk\/en\/wp-json\/wp\/v2\/product_brand?post=10626"},{"taxonomy":"product_cat","embeddable":true,"href":"https:\/\/mybrazil.co.uk\/en\/wp-json\/wp\/v2\/product_cat?post=10626"},{"taxonomy":"product_tag","embeddable":true,"href":"https:\/\/mybrazil.co.uk\/en\/wp-json\/wp\/v2\/product_tag?post=10626"}],"curies":[{"name":"wp","href":"https:\/\/api.w.org\/{rel}","templated":true}]}}