{"id":10622,"date":"2026-04-10T13:12:32","date_gmt":"2026-04-10T12:12:32","guid":{"rendered":"https:\/\/mybrazil.co.uk\/?post_type=product&#038;p=10622"},"modified":"2026-04-10T17:52:52","modified_gmt":"2026-04-10T16:52:52","slug":"plantain-chips-com-sal-marinho-do-pacifico-75g-samai","status":"publish","type":"product","link":"https:\/\/mybrazil.co.uk\/en\/shop\/plantain-chips-com-sal-marinho-do-pacifico-75g-samai\/","title":{"rendered":"Plantain Chips com Sal Marinho do Pac\u00edfico 75g Samai"},"content":{"rendered":"<p>Um snack crocante e natural feito a partir de banana-da-terra cuidadosamente selecionada. Preparadas em pequenos lotes e levemente temperadas com sal marinho, oferecem um sabor equilibrado e aut\u00eantico. Sem gl\u00faten, n\u00e3o transg\u00e9nicas e adequadas para vegetarianos, s\u00e3o ideais para consumir como snack a qualquer hora ou como acompanhamento em refei\u00e7\u00f5es leves.<\/p>","protected":false},"excerpt":{"rendered":"<p>Um snack crocante e natural feito a partir de banana-da-terra cuidadosamente selecionada. Preparadas em pequenos lotes e levemente temperadas com sal marinho, oferecem um sabor equilibrado e aut\u00eantico. Sem gl\u00faten, n\u00e3o transg\u00e9nicas e adequadas para vegetarianos, s\u00e3o ideais para consumir como snack a qualquer hora ou como acompanhamento em refei\u00e7\u00f5es leves.<\/p>","protected":false},"featured_media":10623,"comment_status":"open","ping_status":"closed","template":"","meta":{"_acf_changed":false,"_glsr_average":0,"_glsr_ranking":0,"_glsr_reviews":0},"product_brand":[],"product_cat":[112,92,81,43],"product_tag":[],"class_list":{"0":"post-10622","1":"product","2":"type-product","3":"status-publish","4":"has-post-thumbnail","6":"product_cat-acompanhamentos","7":"product_cat-bolachas-biscoitos-salgadinhos","8":"product_cat-grocery-2","9":"product_cat-grocery","11":"first","12":"instock","13":"taxable","14":"shipping-taxable","15":"purchasable","16":"product-type-simple"},"acf":[],"_links":{"self":[{"href":"https:\/\/mybrazil.co.uk\/en\/wp-json\/wp\/v2\/product\/10622","targetHints":{"allow":["GET"]}}],"collection":[{"href":"https:\/\/mybrazil.co.uk\/en\/wp-json\/wp\/v2\/product"}],"about":[{"href":"https:\/\/mybrazil.co.uk\/en\/wp-json\/wp\/v2\/types\/product"}],"replies":[{"embeddable":true,"href":"https:\/\/mybrazil.co.uk\/en\/wp-json\/wp\/v2\/comments?post=10622"}],"wp:featuredmedia":[{"embeddable":true,"href":"https:\/\/mybrazil.co.uk\/en\/wp-json\/wp\/v2\/media\/10623"}],"wp:attachment":[{"href":"https:\/\/mybrazil.co.uk\/en\/wp-json\/wp\/v2\/media?parent=10622"}],"wp:term":[{"taxonomy":"product_brand","embeddable":true,"href":"https:\/\/mybrazil.co.uk\/en\/wp-json\/wp\/v2\/product_brand?post=10622"},{"taxonomy":"product_cat","embeddable":true,"href":"https:\/\/mybrazil.co.uk\/en\/wp-json\/wp\/v2\/product_cat?post=10622"},{"taxonomy":"product_tag","embeddable":true,"href":"https:\/\/mybrazil.co.uk\/en\/wp-json\/wp\/v2\/product_tag?post=10622"}],"curies":[{"name":"wp","href":"https:\/\/api.w.org\/{rel}","templated":true}]}}