{"id":10620,"date":"2026-04-10T12:51:28","date_gmt":"2026-04-10T11:51:28","guid":{"rendered":"https:\/\/mybrazil.co.uk\/?post_type=product&#038;p=10620"},"modified":"2026-04-10T17:52:52","modified_gmt":"2026-04-10T16:52:52","slug":"kinder-surprise-egg","status":"publish","type":"product","link":"https:\/\/mybrazil.co.uk\/en\/shop\/kinder-surprise-egg\/","title":{"rendered":"Kinder Surprise Egg"},"content":{"rendered":"<p>O Kinder Surprise Egg \u00e9 um ic\u00f3nico ovo de chocolate ao leite com um interior cremoso de chocolate branco e uma surpresa divertida no seu interior. Cada ovo combina o prazer de um chocolate suave e de alta qualidade com a emo\u00e7\u00e3o de descobrir um brinquedo surpresa, que pode ser montado ou colecionado. Ideal para crian\u00e7as e tamb\u00e9m apreciado por adultos, \u00e9 perfeito como pequeno presente, recompensa ou momento de divers\u00e3o.<\/p>","protected":false},"excerpt":{"rendered":"<p>O Kinder Surprise Egg \u00e9 um ic\u00f3nico ovo de chocolate ao leite com um interior cremoso de chocolate branco e uma surpresa divertida no seu interior. Cada ovo combina o prazer de um chocolate suave e de alta qualidade com a emo\u00e7\u00e3o de descobrir um brinquedo surpresa, que pode ser montado ou colecionado. Ideal para [&hellip;]<\/p>","protected":false},"featured_media":10621,"comment_status":"open","ping_status":"closed","template":"","meta":{"_acf_changed":false,"_glsr_average":0,"_glsr_ranking":0,"_glsr_reviews":0},"product_brand":[],"product_cat":[46,43],"product_tag":[],"class_list":{"0":"post-10620","1":"product","2":"type-product","3":"status-publish","4":"has-post-thumbnail","6":"product_cat-sweets","7":"product_cat-grocery","9":"first","10":"instock","11":"taxable","12":"shipping-taxable","13":"purchasable","14":"product-type-simple"},"acf":[],"_links":{"self":[{"href":"https:\/\/mybrazil.co.uk\/en\/wp-json\/wp\/v2\/product\/10620","targetHints":{"allow":["GET"]}}],"collection":[{"href":"https:\/\/mybrazil.co.uk\/en\/wp-json\/wp\/v2\/product"}],"about":[{"href":"https:\/\/mybrazil.co.uk\/en\/wp-json\/wp\/v2\/types\/product"}],"replies":[{"embeddable":true,"href":"https:\/\/mybrazil.co.uk\/en\/wp-json\/wp\/v2\/comments?post=10620"}],"wp:featuredmedia":[{"embeddable":true,"href":"https:\/\/mybrazil.co.uk\/en\/wp-json\/wp\/v2\/media\/10621"}],"wp:attachment":[{"href":"https:\/\/mybrazil.co.uk\/en\/wp-json\/wp\/v2\/media?parent=10620"}],"wp:term":[{"taxonomy":"product_brand","embeddable":true,"href":"https:\/\/mybrazil.co.uk\/en\/wp-json\/wp\/v2\/product_brand?post=10620"},{"taxonomy":"product_cat","embeddable":true,"href":"https:\/\/mybrazil.co.uk\/en\/wp-json\/wp\/v2\/product_cat?post=10620"},{"taxonomy":"product_tag","embeddable":true,"href":"https:\/\/mybrazil.co.uk\/en\/wp-json\/wp\/v2\/product_tag?post=10620"}],"curies":[{"name":"wp","href":"https:\/\/api.w.org\/{rel}","templated":true}]}}