{"id":10576,"date":"2026-04-03T11:02:18","date_gmt":"2026-04-03T10:02:18","guid":{"rendered":"https:\/\/mybrazil.co.uk\/?post_type=product&#038;p=10576"},"modified":"2026-04-08T15:21:59","modified_gmt":"2026-04-08T14:21:59","slug":"suspiro-2-unidades","status":"publish","type":"product","link":"https:\/\/mybrazil.co.uk\/en\/shop\/suspiro-2-unidades\/","title":{"rendered":"Suspiro 2 unidades"},"content":{"rendered":"<p><strong data-start=\"144\" data-end=\"185\">Suspiro (2 unidades \u2013 amarelo e rosa)<\/strong> \u00e9 um doce leve e crocante, feito \u00e0 base de claras de ovo e a\u00e7\u00facar, conhecido pela sua textura delicada que derrete na boca. Nesta vers\u00e3o colorida, inclui duas unidades nos tons amarelo e rosa, trazendo um toque divertido e atrativo. Ideal para festas, lembrancinhas ou para consumo como sobremesa, oferece um sabor doce suave e agrad\u00e1vel, perfeito para todas as idades.<\/p>","protected":false},"excerpt":{"rendered":"<p>Suspiro (2 unidades \u2013 amarelo e rosa) \u00e9 um doce leve e crocante, feito \u00e0 base de claras de ovo e a\u00e7\u00facar, conhecido pela sua textura delicada que derrete na boca. Nesta vers\u00e3o colorida, inclui duas unidades nos tons amarelo e rosa, trazendo um toque divertido e atrativo. Ideal para festas, lembrancinhas ou para consumo [&hellip;]<\/p>","protected":false},"featured_media":10579,"comment_status":"open","ping_status":"closed","template":"","meta":{"_acf_changed":false,"_glsr_average":0,"_glsr_ranking":0,"_glsr_reviews":0},"product_brand":[],"product_cat":[46],"product_tag":[],"class_list":{"0":"post-10576","1":"product","2":"type-product","3":"status-publish","4":"has-post-thumbnail","6":"product_cat-sweets","8":"first","9":"instock","10":"taxable","11":"shipping-taxable","12":"purchasable","13":"product-type-simple"},"acf":[],"_links":{"self":[{"href":"https:\/\/mybrazil.co.uk\/en\/wp-json\/wp\/v2\/product\/10576","targetHints":{"allow":["GET"]}}],"collection":[{"href":"https:\/\/mybrazil.co.uk\/en\/wp-json\/wp\/v2\/product"}],"about":[{"href":"https:\/\/mybrazil.co.uk\/en\/wp-json\/wp\/v2\/types\/product"}],"replies":[{"embeddable":true,"href":"https:\/\/mybrazil.co.uk\/en\/wp-json\/wp\/v2\/comments?post=10576"}],"wp:featuredmedia":[{"embeddable":true,"href":"https:\/\/mybrazil.co.uk\/en\/wp-json\/wp\/v2\/media\/10579"}],"wp:attachment":[{"href":"https:\/\/mybrazil.co.uk\/en\/wp-json\/wp\/v2\/media?parent=10576"}],"wp:term":[{"taxonomy":"product_brand","embeddable":true,"href":"https:\/\/mybrazil.co.uk\/en\/wp-json\/wp\/v2\/product_brand?post=10576"},{"taxonomy":"product_cat","embeddable":true,"href":"https:\/\/mybrazil.co.uk\/en\/wp-json\/wp\/v2\/product_cat?post=10576"},{"taxonomy":"product_tag","embeddable":true,"href":"https:\/\/mybrazil.co.uk\/en\/wp-json\/wp\/v2\/product_tag?post=10576"}],"curies":[{"name":"wp","href":"https:\/\/api.w.org\/{rel}","templated":true}]}}