{"id":10531,"date":"2026-03-27T14:02:13","date_gmt":"2026-03-27T14:02:13","guid":{"rendered":"https:\/\/mybrazil.co.uk\/?post_type=product&#038;p=10531"},"modified":"2026-03-27T16:48:27","modified_gmt":"2026-03-27T16:48:27","slug":"arroz-branco-2-kg-tio-joao","status":"publish","type":"product","link":"https:\/\/mybrazil.co.uk\/en\/shop\/arroz-branco-2-kg-tio-joao\/","title":{"rendered":"Arroz Branco 2 kg Tio Joao"},"content":{"rendered":"<p><strong data-start=\"222\" data-end=\"253\">Arroz Branco 2kg \u2013 Tio Jo\u00e3o<\/strong> \u00e9 um arroz premium de gr\u00e3os longos e selecionados, reconhecido pela sua qualidade superior e cozimento uniforme. Produzido com tecnologia avan\u00e7ada de beneficiamento, garante um arroz sempre soltinho, macio e saboroso. Ideal para o dia a dia, acompanha perfeitamente pratos como feij\u00e3o, carnes, aves, peixes e receitas tradicionais. Pr\u00e1tico de preparar, oferece excelente rendimento e consist\u00eancia, sendo uma escolha confi\u00e1vel para toda a fam\u00edlia.<\/p>","protected":false},"excerpt":{"rendered":"<p>Arroz Branco 2kg \u2013 Tio Jo\u00e3o \u00e9 um arroz premium de gr\u00e3os longos e selecionados, reconhecido pela sua qualidade superior e cozimento uniforme. Produzido com tecnologia avan\u00e7ada de beneficiamento, garante um arroz sempre soltinho, macio e saboroso. Ideal para o dia a dia, acompanha perfeitamente pratos como feij\u00e3o, carnes, aves, peixes e receitas tradicionais. Pr\u00e1tico [&hellip;]<\/p>","protected":false},"featured_media":10532,"comment_status":"open","ping_status":"closed","template":"","meta":{"_acf_changed":false,"_glsr_average":0,"_glsr_ranking":0,"_glsr_reviews":0},"product_brand":[],"product_cat":[94,43],"product_tag":[],"class_list":{"0":"post-10531","1":"product","2":"type-product","3":"status-publish","4":"has-post-thumbnail","6":"product_cat-graos-farinhacos","7":"product_cat-grocery","9":"first","10":"instock","11":"taxable","12":"shipping-taxable","13":"purchasable","14":"product-type-simple"},"acf":[],"_links":{"self":[{"href":"https:\/\/mybrazil.co.uk\/en\/wp-json\/wp\/v2\/product\/10531","targetHints":{"allow":["GET"]}}],"collection":[{"href":"https:\/\/mybrazil.co.uk\/en\/wp-json\/wp\/v2\/product"}],"about":[{"href":"https:\/\/mybrazil.co.uk\/en\/wp-json\/wp\/v2\/types\/product"}],"replies":[{"embeddable":true,"href":"https:\/\/mybrazil.co.uk\/en\/wp-json\/wp\/v2\/comments?post=10531"}],"wp:featuredmedia":[{"embeddable":true,"href":"https:\/\/mybrazil.co.uk\/en\/wp-json\/wp\/v2\/media\/10532"}],"wp:attachment":[{"href":"https:\/\/mybrazil.co.uk\/en\/wp-json\/wp\/v2\/media?parent=10531"}],"wp:term":[{"taxonomy":"product_brand","embeddable":true,"href":"https:\/\/mybrazil.co.uk\/en\/wp-json\/wp\/v2\/product_brand?post=10531"},{"taxonomy":"product_cat","embeddable":true,"href":"https:\/\/mybrazil.co.uk\/en\/wp-json\/wp\/v2\/product_cat?post=10531"},{"taxonomy":"product_tag","embeddable":true,"href":"https:\/\/mybrazil.co.uk\/en\/wp-json\/wp\/v2\/product_tag?post=10531"}],"curies":[{"name":"wp","href":"https:\/\/api.w.org\/{rel}","templated":true}]}}