{"id":10521,"date":"2026-03-26T17:05:28","date_gmt":"2026-03-26T17:05:28","guid":{"rendered":"https:\/\/mybrazil.co.uk\/?post_type=product&#038;p=10521"},"modified":"2026-03-26T18:10:21","modified_gmt":"2026-03-26T18:10:21","slug":"maminha-black-angus-1-200-1-300kg","status":"publish","type":"product","link":"https:\/\/mybrazil.co.uk\/en\/shop\/maminha-black-angus-1-200-1-300kg\/","title":{"rendered":"Maminha Black Angus &#8211; 1.200 &#8211; 1.300kg"},"content":{"rendered":"<p data-start=\"96\" data-end=\"301\"><strong data-start=\"96\" data-end=\"126\">Maminha Jack\u2019s Creek MS 3+<\/strong> \u2014 corte premium bovino conhecido como <em data-start=\"165\" data-end=\"175\">rump cap<\/em> (picanha\/maminha), proveniente de gado <strong data-start=\"215\" data-end=\"242\">Black Angus australiano<\/strong> da renomada marca <span class=\"hover:entity-accent entity-underline inline cursor-pointer align-baseline\"><span class=\"whitespace-normal\">Jack&#8217;s Creek<\/span><\/span>.<\/p>\n<p data-start=\"303\" data-end=\"544\">Classificado com <strong data-start=\"320\" data-end=\"346\">marbling score (MS) 3+<\/strong>, apresenta excelente marmoriza\u00e7\u00e3o, garantindo <strong data-start=\"393\" data-end=\"440\">maciez superior, sucul\u00eancia e sabor intenso<\/strong>. Possui a tradicional capa de gordura que derrete durante o preparo, intensificando o sabor da carne.<\/p>\n<p data-start=\"546\" data-end=\"736\">Ideal para churrasco estilo brasileiro, grelha, forno ou preparo inteiro em pe\u00e7a, sendo um dos cortes mais valorizados para BBQ e gastronomia premium.<\/p>","protected":false},"excerpt":{"rendered":"<p>Maminha Jack\u2019s Creek MS 3+ \u2014 corte premium bovino conhecido como rump cap (picanha\/maminha), proveniente de gado Black Angus australiano da renomada marca Jack&#8217;s Creek. Classificado com marbling score (MS) 3+, apresenta excelente marmoriza\u00e7\u00e3o, garantindo maciez superior, sucul\u00eancia e sabor intenso. Possui a tradicional capa de gordura que derrete durante o preparo, intensificando o sabor [&hellip;]<\/p>","protected":false},"featured_media":10523,"comment_status":"open","ping_status":"closed","template":"","meta":{"_acf_changed":false,"_glsr_average":0,"_glsr_ranking":0,"_glsr_reviews":0},"product_brand":[],"product_cat":[96,44],"product_tag":[],"class_list":{"0":"post-10521","1":"product","2":"type-product","3":"status-publish","4":"has-post-thumbnail","6":"product_cat-bovinos","7":"product_cat-meat","9":"first","10":"instock","11":"taxable","12":"shipping-taxable","13":"purchasable","14":"product-type-simple"},"acf":[],"_links":{"self":[{"href":"https:\/\/mybrazil.co.uk\/en\/wp-json\/wp\/v2\/product\/10521","targetHints":{"allow":["GET"]}}],"collection":[{"href":"https:\/\/mybrazil.co.uk\/en\/wp-json\/wp\/v2\/product"}],"about":[{"href":"https:\/\/mybrazil.co.uk\/en\/wp-json\/wp\/v2\/types\/product"}],"replies":[{"embeddable":true,"href":"https:\/\/mybrazil.co.uk\/en\/wp-json\/wp\/v2\/comments?post=10521"}],"wp:featuredmedia":[{"embeddable":true,"href":"https:\/\/mybrazil.co.uk\/en\/wp-json\/wp\/v2\/media\/10523"}],"wp:attachment":[{"href":"https:\/\/mybrazil.co.uk\/en\/wp-json\/wp\/v2\/media?parent=10521"}],"wp:term":[{"taxonomy":"product_brand","embeddable":true,"href":"https:\/\/mybrazil.co.uk\/en\/wp-json\/wp\/v2\/product_brand?post=10521"},{"taxonomy":"product_cat","embeddable":true,"href":"https:\/\/mybrazil.co.uk\/en\/wp-json\/wp\/v2\/product_cat?post=10521"},{"taxonomy":"product_tag","embeddable":true,"href":"https:\/\/mybrazil.co.uk\/en\/wp-json\/wp\/v2\/product_tag?post=10521"}],"curies":[{"name":"wp","href":"https:\/\/api.w.org\/{rel}","templated":true}]}}