{"id":10500,"date":"2026-03-24T11:49:56","date_gmt":"2026-03-24T11:49:56","guid":{"rendered":"https:\/\/mybrazil.co.uk\/?post_type=product&#038;p=10500"},"modified":"2026-03-28T15:22:13","modified_gmt":"2026-03-28T15:22:13","slug":"melado-dacolonia-250g","status":"publish","type":"product","link":"https:\/\/mybrazil.co.uk\/en\/shop\/melado-dacolonia-250g\/","title":{"rendered":"Melado Dacolonia 250g"},"content":{"rendered":"<p><strong data-start=\"149\" data-end=\"177\">Melado 250\u202fg \u2013 Dacolonia<\/strong> \u00e9 um xarope doce e espesso produzido a partir da cana\u2011de\u2011a\u00e7\u00facar, rico em sabor caramelizado intenso e notas profundas de mela\u00e7o. Excelente como ado\u00e7ante natural, pode ser utilizado em receitas culin\u00e1rias doces ou salgadas, como coberturas para sobremesas, panquecas, bolos, biscoitos, molhos barbecue, marinadas e bebidas quentes. O melado tamb\u00e9m \u00e9 apreciado por seu aroma marcante e textura densa, sendo uma adi\u00e7\u00e3o vers\u00e1til na despensa de quem busca um toque tradicional e sabor aut\u00eantico.<\/p>","protected":false},"excerpt":{"rendered":"<p>Melado 250\u202fg \u2013 Dacolonia \u00e9 um xarope doce e espesso produzido a partir da cana\u2011de\u2011a\u00e7\u00facar, rico em sabor caramelizado intenso e notas profundas de mela\u00e7o. Excelente como ado\u00e7ante natural, pode ser utilizado em receitas culin\u00e1rias doces ou salgadas, como coberturas para sobremesas, panquecas, bolos, biscoitos, molhos barbecue, marinadas e bebidas quentes. O melado tamb\u00e9m \u00e9 [&hellip;]<\/p>","protected":false},"featured_media":10501,"comment_status":"open","ping_status":"closed","template":"","meta":{"_acf_changed":false,"_glsr_average":0,"_glsr_ranking":0,"_glsr_reviews":0},"product_brand":[],"product_cat":[86,81],"product_tag":[],"class_list":{"0":"post-10500","1":"product","2":"type-product","3":"status-publish","4":"has-post-thumbnail","6":"product_cat-condiment-2","7":"product_cat-grocery-2","9":"first","10":"instock","11":"taxable","12":"shipping-taxable","13":"purchasable","14":"product-type-simple"},"acf":[],"_links":{"self":[{"href":"https:\/\/mybrazil.co.uk\/en\/wp-json\/wp\/v2\/product\/10500","targetHints":{"allow":["GET"]}}],"collection":[{"href":"https:\/\/mybrazil.co.uk\/en\/wp-json\/wp\/v2\/product"}],"about":[{"href":"https:\/\/mybrazil.co.uk\/en\/wp-json\/wp\/v2\/types\/product"}],"replies":[{"embeddable":true,"href":"https:\/\/mybrazil.co.uk\/en\/wp-json\/wp\/v2\/comments?post=10500"}],"wp:featuredmedia":[{"embeddable":true,"href":"https:\/\/mybrazil.co.uk\/en\/wp-json\/wp\/v2\/media\/10501"}],"wp:attachment":[{"href":"https:\/\/mybrazil.co.uk\/en\/wp-json\/wp\/v2\/media?parent=10500"}],"wp:term":[{"taxonomy":"product_brand","embeddable":true,"href":"https:\/\/mybrazil.co.uk\/en\/wp-json\/wp\/v2\/product_brand?post=10500"},{"taxonomy":"product_cat","embeddable":true,"href":"https:\/\/mybrazil.co.uk\/en\/wp-json\/wp\/v2\/product_cat?post=10500"},{"taxonomy":"product_tag","embeddable":true,"href":"https:\/\/mybrazil.co.uk\/en\/wp-json\/wp\/v2\/product_tag?post=10500"}],"curies":[{"name":"wp","href":"https:\/\/api.w.org\/{rel}","templated":true}]}}