{"id":10497,"date":"2026-03-24T11:46:12","date_gmt":"2026-03-24T11:46:12","guid":{"rendered":"https:\/\/mybrazil.co.uk\/?post_type=product&#038;p=10497"},"modified":"2026-03-28T18:58:10","modified_gmt":"2026-03-28T18:58:10","slug":"doce-de-leite-250g-ipanema","status":"publish","type":"product","link":"https:\/\/mybrazil.co.uk\/en\/shop\/doce-de-leite-250g-ipanema\/","title":{"rendered":"Doce de Leite 250g Ipanema"},"content":{"rendered":"<p><strong data-start=\"106\" data-end=\"136\">Doce de Leite Ipanema 250g<\/strong> \u00e9 um doce cremoso e indulgente com sabor intenso de leite caramelizado, t\u00edpico da tradi\u00e7\u00e3o latina. Preparado lentamente a partir de leite e a\u00e7\u00facar, sua textura aveludada e sabor profundo tornam\u2011no perfeito para barrar em p\u00e3es, torradas ou biscoitos, al\u00e9m de ser uma excelente op\u00e7\u00e3o para rechear bolos, sobremesas e panquecas. \u00c9 um cl\u00e1ssico que traz o sabor caseiro do doce de leite ao seu dia a dia.<\/p>","protected":false},"excerpt":{"rendered":"<p>Doce de Leite Ipanema 250g \u00e9 um doce cremoso e indulgente com sabor intenso de leite caramelizado, t\u00edpico da tradi\u00e7\u00e3o latina. Preparado lentamente a partir de leite e a\u00e7\u00facar, sua textura aveludada e sabor profundo tornam\u2011no perfeito para barrar em p\u00e3es, torradas ou biscoitos, al\u00e9m de ser uma excelente op\u00e7\u00e3o para rechear bolos, sobremesas e [&hellip;]<\/p>","protected":false},"featured_media":10499,"comment_status":"open","ping_status":"closed","template":"","meta":{"_acf_changed":false,"_glsr_average":0,"_glsr_ranking":0,"_glsr_reviews":0},"product_brand":[],"product_cat":[46],"product_tag":[],"class_list":{"0":"post-10497","1":"product","2":"type-product","3":"status-publish","4":"has-post-thumbnail","6":"product_cat-sweets","8":"first","9":"instock","10":"taxable","11":"shipping-taxable","12":"purchasable","13":"product-type-simple"},"acf":[],"_links":{"self":[{"href":"https:\/\/mybrazil.co.uk\/en\/wp-json\/wp\/v2\/product\/10497","targetHints":{"allow":["GET"]}}],"collection":[{"href":"https:\/\/mybrazil.co.uk\/en\/wp-json\/wp\/v2\/product"}],"about":[{"href":"https:\/\/mybrazil.co.uk\/en\/wp-json\/wp\/v2\/types\/product"}],"replies":[{"embeddable":true,"href":"https:\/\/mybrazil.co.uk\/en\/wp-json\/wp\/v2\/comments?post=10497"}],"wp:featuredmedia":[{"embeddable":true,"href":"https:\/\/mybrazil.co.uk\/en\/wp-json\/wp\/v2\/media\/10499"}],"wp:attachment":[{"href":"https:\/\/mybrazil.co.uk\/en\/wp-json\/wp\/v2\/media?parent=10497"}],"wp:term":[{"taxonomy":"product_brand","embeddable":true,"href":"https:\/\/mybrazil.co.uk\/en\/wp-json\/wp\/v2\/product_brand?post=10497"},{"taxonomy":"product_cat","embeddable":true,"href":"https:\/\/mybrazil.co.uk\/en\/wp-json\/wp\/v2\/product_cat?post=10497"},{"taxonomy":"product_tag","embeddable":true,"href":"https:\/\/mybrazil.co.uk\/en\/wp-json\/wp\/v2\/product_tag?post=10497"}],"curies":[{"name":"wp","href":"https:\/\/api.w.org\/{rel}","templated":true}]}}