{"id":10496,"date":"2026-03-24T11:32:31","date_gmt":"2026-03-24T11:32:31","guid":{"rendered":"https:\/\/mybrazil.co.uk\/?post_type=product&#038;p=10496"},"modified":"2026-04-05T13:57:15","modified_gmt":"2026-04-05T12:57:15","slug":"pimentao-doce-colorau-15g-margao","status":"publish","type":"product","link":"https:\/\/mybrazil.co.uk\/en\/shop\/pimentao-doce-colorau-15g-margao\/","title":{"rendered":"Pimentao Doce Colorau 15g Margao"},"content":{"rendered":"<p><strong data-start=\"223\" data-end=\"264\">Piment\u00e3o Doce (Colorau) 15\u202fg \u2013 Marg\u00e3o<\/strong> \u00e9 um tempero em p\u00f3 feito a partir de piment\u00f5es doces secos, conhecido pela cor vermelha vibrante e sabor suave sem pic\u00e2ncia, ideal para real\u00e7ar cor e sabor das suas receitas. Muito utilizado na culin\u00e1ria portuguesa e brasileira, confere um toque arom\u00e1tico e um leve sabor adocicado a pratos como bacalhau, carnes assadas, grelhadas, ensopados, arroz, legumes e molhos.<\/p>","protected":false},"excerpt":{"rendered":"<p>Piment\u00e3o Doce (Colorau) 15\u202fg \u2013 Marg\u00e3o \u00e9 um tempero em p\u00f3 feito a partir de piment\u00f5es doces secos, conhecido pela cor vermelha vibrante e sabor suave sem pic\u00e2ncia, ideal para real\u00e7ar cor e sabor das suas receitas. Muito utilizado na culin\u00e1ria portuguesa e brasileira, confere um toque arom\u00e1tico e um leve sabor adocicado a pratos [&hellip;]<\/p>","protected":false},"featured_media":10498,"comment_status":"open","ping_status":"closed","template":"","meta":{"_acf_changed":false,"_glsr_average":0,"_glsr_ranking":0,"_glsr_reviews":0},"product_brand":[],"product_cat":[43,41],"product_tag":[],"class_list":{"0":"post-10496","1":"product","2":"type-product","3":"status-publish","4":"has-post-thumbnail","6":"product_cat-grocery","7":"product_cat-condiments-and-sauce","9":"first","10":"instock","11":"taxable","12":"shipping-taxable","13":"purchasable","14":"product-type-simple"},"acf":[],"_links":{"self":[{"href":"https:\/\/mybrazil.co.uk\/en\/wp-json\/wp\/v2\/product\/10496","targetHints":{"allow":["GET"]}}],"collection":[{"href":"https:\/\/mybrazil.co.uk\/en\/wp-json\/wp\/v2\/product"}],"about":[{"href":"https:\/\/mybrazil.co.uk\/en\/wp-json\/wp\/v2\/types\/product"}],"replies":[{"embeddable":true,"href":"https:\/\/mybrazil.co.uk\/en\/wp-json\/wp\/v2\/comments?post=10496"}],"wp:featuredmedia":[{"embeddable":true,"href":"https:\/\/mybrazil.co.uk\/en\/wp-json\/wp\/v2\/media\/10498"}],"wp:attachment":[{"href":"https:\/\/mybrazil.co.uk\/en\/wp-json\/wp\/v2\/media?parent=10496"}],"wp:term":[{"taxonomy":"product_brand","embeddable":true,"href":"https:\/\/mybrazil.co.uk\/en\/wp-json\/wp\/v2\/product_brand?post=10496"},{"taxonomy":"product_cat","embeddable":true,"href":"https:\/\/mybrazil.co.uk\/en\/wp-json\/wp\/v2\/product_cat?post=10496"},{"taxonomy":"product_tag","embeddable":true,"href":"https:\/\/mybrazil.co.uk\/en\/wp-json\/wp\/v2\/product_tag?post=10496"}],"curies":[{"name":"wp","href":"https:\/\/api.w.org\/{rel}","templated":true}]}}