{"id":10452,"date":"2026-03-19T16:13:10","date_gmt":"2026-03-19T16:13:10","guid":{"rendered":"https:\/\/mybrazil.co.uk\/?post_type=product&#038;p=10452"},"modified":"2026-03-25T12:51:31","modified_gmt":"2026-03-25T12:51:31","slug":"vinho-rose-casal-mendes-750ml","status":"publish","type":"product","link":"https:\/\/mybrazil.co.uk\/en\/shop\/vinho-rose-casal-mendes-750ml\/","title":{"rendered":"Vinho Rose Casal Mendes 750ml"},"content":{"rendered":"<p><strong data-start=\"189\" data-end=\"222\">Vinho Ros\u00e9 Casal Mendes 750ml<\/strong> \u00e9 um vinho portugu\u00eas leve, refrescante e frutado, ideal para consumo descontra\u00eddo. Apresenta colora\u00e7\u00e3o rosa p\u00e1lida e aromas intensos de frutas vermelhas e tropicais, como morango, framboesa, abacaxi e banana. No paladar, \u00e9 suave, ligeiramente doce e com uma leve efervesc\u00eancia que proporciona frescor e equil\u00edbrio. Perfeito para servir bem gelado como aperitivo ou acompanhar saladas, frutos do mar e pratos levemente picantes.<\/p>","protected":false},"excerpt":{"rendered":"<p>Vinho Ros\u00e9 Casal Mendes 750ml \u00e9 um vinho portugu\u00eas leve, refrescante e frutado, ideal para consumo descontra\u00eddo. Apresenta colora\u00e7\u00e3o rosa p\u00e1lida e aromas intensos de frutas vermelhas e tropicais, como morango, framboesa, abacaxi e banana. No paladar, \u00e9 suave, ligeiramente doce e com uma leve efervesc\u00eancia que proporciona frescor e equil\u00edbrio. Perfeito para servir bem [&hellip;]<\/p>","protected":false},"featured_media":10453,"comment_status":"open","ping_status":"closed","template":"","meta":{"_acf_changed":false,"_glsr_average":0,"_glsr_ranking":0,"_glsr_reviews":0},"product_brand":[],"product_cat":[42,89],"product_tag":[],"class_list":{"0":"post-10452","1":"product","2":"type-product","3":"status-publish","4":"has-post-thumbnail","6":"product_cat-drink","7":"product_cat-beer-wine-alcoholic-spirits","9":"first","10":"instock","11":"taxable","12":"shipping-taxable","13":"purchasable","14":"product-type-simple"},"acf":[],"_links":{"self":[{"href":"https:\/\/mybrazil.co.uk\/en\/wp-json\/wp\/v2\/product\/10452","targetHints":{"allow":["GET"]}}],"collection":[{"href":"https:\/\/mybrazil.co.uk\/en\/wp-json\/wp\/v2\/product"}],"about":[{"href":"https:\/\/mybrazil.co.uk\/en\/wp-json\/wp\/v2\/types\/product"}],"replies":[{"embeddable":true,"href":"https:\/\/mybrazil.co.uk\/en\/wp-json\/wp\/v2\/comments?post=10452"}],"wp:featuredmedia":[{"embeddable":true,"href":"https:\/\/mybrazil.co.uk\/en\/wp-json\/wp\/v2\/media\/10453"}],"wp:attachment":[{"href":"https:\/\/mybrazil.co.uk\/en\/wp-json\/wp\/v2\/media?parent=10452"}],"wp:term":[{"taxonomy":"product_brand","embeddable":true,"href":"https:\/\/mybrazil.co.uk\/en\/wp-json\/wp\/v2\/product_brand?post=10452"},{"taxonomy":"product_cat","embeddable":true,"href":"https:\/\/mybrazil.co.uk\/en\/wp-json\/wp\/v2\/product_cat?post=10452"},{"taxonomy":"product_tag","embeddable":true,"href":"https:\/\/mybrazil.co.uk\/en\/wp-json\/wp\/v2\/product_tag?post=10452"}],"curies":[{"name":"wp","href":"https:\/\/api.w.org\/{rel}","templated":true}]}}