{"id":10427,"date":"2026-03-16T16:02:45","date_gmt":"2026-03-16T16:02:45","guid":{"rendered":"https:\/\/mybrazil.co.uk\/?post_type=product&#038;p=10427"},"modified":"2026-04-04T14:52:16","modified_gmt":"2026-04-04T13:52:16","slug":"tempero-erva-doce-moida-dom-duarte-40g-copy","status":"publish","type":"product","link":"https:\/\/mybrazil.co.uk\/en\/shop\/tempero-erva-doce-moida-dom-duarte-40g-copy\/","title":{"rendered":"Tempero Erva-Doce Moida Dom Duarte 40g"},"content":{"rendered":"<p>O <strong data-start=\"171\" data-end=\"216\">Tempero Erva-Doce em Moida Dom Duarte 40 g<\/strong> \u00e9 uma especiaria arom\u00e1tica e vers\u00e1til, ideal para real\u00e7ar sabores de pratos salgados e doces com seu toque levemente adocicado e refrescante. Perfeito para sopas, molhos, p\u00e3es, sobremesas ou ch\u00e1s \u2014 traz o aroma delicado e caracter\u00edstico da erva-doce, conferindo notas frescas e perfumadas. Rende bastante e vem em embalagem compacta, pr\u00e1tica para uso no dia a dia ou na cozinha gourmet.<\/p>\n<h2 data-start=\"971\" data-end=\"1002\">Ingredientes \/ Ingredients<\/h2>\n<ul data-start=\"1003\" data-end=\"1101\">\n<li data-start=\"1003\" data-end=\"1101\">\n<p data-start=\"1005\" data-end=\"1101\">100% sementes de erva-doce (funcho) (Foeniculum vulgare)<\/p>\n<\/li>\n<\/ul>","protected":false},"excerpt":{"rendered":"<p>O Tempero Erva-Doce em Moida Dom Duarte 40 g \u00e9 uma especiaria arom\u00e1tica e vers\u00e1til, ideal para real\u00e7ar sabores de pratos salgados e doces com seu toque levemente adocicado e refrescante. Perfeito para sopas, molhos, p\u00e3es, sobremesas ou ch\u00e1s \u2014 traz o aroma delicado e caracter\u00edstico da erva-doce, conferindo notas frescas e perfumadas. Rende bastante [&hellip;]<\/p>","protected":false},"featured_media":10428,"comment_status":"open","ping_status":"closed","template":"","meta":{"_acf_changed":false,"_glsr_average":0,"_glsr_ranking":0,"_glsr_reviews":0},"product_brand":[],"product_cat":[41],"product_tag":[],"class_list":{"0":"post-10427","1":"product","2":"type-product","3":"status-publish","4":"has-post-thumbnail","6":"product_cat-condiments-and-sauce","8":"first","9":"instock","10":"taxable","11":"shipping-taxable","12":"purchasable","13":"product-type-simple"},"acf":[],"_links":{"self":[{"href":"https:\/\/mybrazil.co.uk\/en\/wp-json\/wp\/v2\/product\/10427","targetHints":{"allow":["GET"]}}],"collection":[{"href":"https:\/\/mybrazil.co.uk\/en\/wp-json\/wp\/v2\/product"}],"about":[{"href":"https:\/\/mybrazil.co.uk\/en\/wp-json\/wp\/v2\/types\/product"}],"replies":[{"embeddable":true,"href":"https:\/\/mybrazil.co.uk\/en\/wp-json\/wp\/v2\/comments?post=10427"}],"wp:featuredmedia":[{"embeddable":true,"href":"https:\/\/mybrazil.co.uk\/en\/wp-json\/wp\/v2\/media\/10428"}],"wp:attachment":[{"href":"https:\/\/mybrazil.co.uk\/en\/wp-json\/wp\/v2\/media?parent=10427"}],"wp:term":[{"taxonomy":"product_brand","embeddable":true,"href":"https:\/\/mybrazil.co.uk\/en\/wp-json\/wp\/v2\/product_brand?post=10427"},{"taxonomy":"product_cat","embeddable":true,"href":"https:\/\/mybrazil.co.uk\/en\/wp-json\/wp\/v2\/product_cat?post=10427"},{"taxonomy":"product_tag","embeddable":true,"href":"https:\/\/mybrazil.co.uk\/en\/wp-json\/wp\/v2\/product_tag?post=10427"}],"curies":[{"name":"wp","href":"https:\/\/api.w.org\/{rel}","templated":true}]}}