{"id":10374,"date":"2026-03-07T15:14:44","date_gmt":"2026-03-07T15:14:44","guid":{"rendered":"https:\/\/mybrazil.co.uk\/?post_type=product&#038;p=10374"},"modified":"2026-03-11T17:21:20","modified_gmt":"2026-03-11T17:21:20","slug":"perna-de-cordeiro-com-osso-congelada","status":"publish","type":"product","link":"https:\/\/mybrazil.co.uk\/en\/shop\/perna-de-cordeiro-com-osso-congelada\/","title":{"rendered":"Pernil de Cordeiro com Osso Congelada 2.100 &#8211; 2.200 kg"},"content":{"rendered":"<p><strong data-start=\"169\" data-end=\"209\">Pernil de Cordeiro com Osso Congelada<\/strong> \u00e9 um corte tradicional de carne de cordeiro, selecionado para proporcionar sabor rico, sucul\u00eancia e textura tenra. Mantida com osso para real\u00e7ar o sabor durante o preparo, essa pe\u00e7a pode ser assada inteira no forno, grelhada, cozida lentamente ou usada em receitas como ensopados e pratos mediterr\u00e2nicos. Ideal para refei\u00e7\u00f5es familiares e ocasi\u00f5es especiais, \u00e9 um corte vers\u00e1til que atende diversas formas de preparo \u2014 desde assados suculentos at\u00e9 pratos cozidos de longa dura\u00e7\u00e3o.<\/p>","protected":false},"excerpt":{"rendered":"<p>Pernil de Cordeiro com Osso Congelada \u00e9 um corte tradicional de carne de cordeiro, selecionado para proporcionar sabor rico, sucul\u00eancia e textura tenra. Mantida com osso para real\u00e7ar o sabor durante o preparo, essa pe\u00e7a pode ser assada inteira no forno, grelhada, cozida lentamente ou usada em receitas como ensopados e pratos mediterr\u00e2nicos. Ideal para [&hellip;]<\/p>","protected":false},"featured_media":10375,"comment_status":"open","ping_status":"closed","template":"","meta":{"_acf_changed":false,"_glsr_average":0,"_glsr_ranking":0,"_glsr_reviews":0},"product_brand":[],"product_cat":[96,44],"product_tag":[],"class_list":{"0":"post-10374","1":"product","2":"type-product","3":"status-publish","4":"has-post-thumbnail","6":"product_cat-bovinos","7":"product_cat-meat","9":"first","10":"instock","11":"taxable","12":"shipping-taxable","13":"purchasable","14":"product-type-simple"},"acf":[],"_links":{"self":[{"href":"https:\/\/mybrazil.co.uk\/en\/wp-json\/wp\/v2\/product\/10374","targetHints":{"allow":["GET"]}}],"collection":[{"href":"https:\/\/mybrazil.co.uk\/en\/wp-json\/wp\/v2\/product"}],"about":[{"href":"https:\/\/mybrazil.co.uk\/en\/wp-json\/wp\/v2\/types\/product"}],"replies":[{"embeddable":true,"href":"https:\/\/mybrazil.co.uk\/en\/wp-json\/wp\/v2\/comments?post=10374"}],"wp:featuredmedia":[{"embeddable":true,"href":"https:\/\/mybrazil.co.uk\/en\/wp-json\/wp\/v2\/media\/10375"}],"wp:attachment":[{"href":"https:\/\/mybrazil.co.uk\/en\/wp-json\/wp\/v2\/media?parent=10374"}],"wp:term":[{"taxonomy":"product_brand","embeddable":true,"href":"https:\/\/mybrazil.co.uk\/en\/wp-json\/wp\/v2\/product_brand?post=10374"},{"taxonomy":"product_cat","embeddable":true,"href":"https:\/\/mybrazil.co.uk\/en\/wp-json\/wp\/v2\/product_cat?post=10374"},{"taxonomy":"product_tag","embeddable":true,"href":"https:\/\/mybrazil.co.uk\/en\/wp-json\/wp\/v2\/product_tag?post=10374"}],"curies":[{"name":"wp","href":"https:\/\/api.w.org\/{rel}","templated":true}]}}