{"id":10361,"date":"2026-03-06T16:26:37","date_gmt":"2026-03-06T16:26:37","guid":{"rendered":"https:\/\/mybrazil.co.uk\/?post_type=product&#038;p=10361"},"modified":"2026-04-13T14:02:31","modified_gmt":"2026-04-13T13:02:31","slug":"cheetos-queijo-e-ketchup-96g","status":"publish","type":"product","link":"https:\/\/mybrazil.co.uk\/en\/shop\/cheetos-queijo-e-ketchup-96g\/","title":{"rendered":"Cheetos Queijo e ketchup 96g"},"content":{"rendered":"<p><strong data-start=\"160\" data-end=\"192\">Cheetos Queijo e Ketchup 96g<\/strong> s\u00e3o palitos crocantes de milho com uma combina\u00e7\u00e3o irresist\u00edvel de sabores de queijo e ketchup. Com textura leve e estaladi\u00e7a, este snack oferece um equil\u00edbrio perfeito entre o sabor cremoso do queijo e o toque levemente adocicado e \u00e1cido do ketchup. Ideal para petiscar a qualquer hora do dia, compartilhar com amigos ou acompanhar momentos de lazer. Embalagem pr\u00e1tica de 96g, perfeita para levar para festas, lanches ou consumir em qualquer lugar.<\/p>","protected":false},"excerpt":{"rendered":"<p>Cheetos Queijo e Ketchup 96g s\u00e3o palitos crocantes de milho com uma combina\u00e7\u00e3o irresist\u00edvel de sabores de queijo e ketchup. Com textura leve e estaladi\u00e7a, este snack oferece um equil\u00edbrio perfeito entre o sabor cremoso do queijo e o toque levemente adocicado e \u00e1cido do ketchup. Ideal para petiscar a qualquer hora do dia, compartilhar [&hellip;]<\/p>","protected":false},"featured_media":10362,"comment_status":"open","ping_status":"closed","template":"","meta":{"_acf_changed":false,"_glsr_average":0,"_glsr_ranking":0,"_glsr_reviews":0},"product_brand":[],"product_cat":[92,43,33],"product_tag":[],"class_list":{"0":"post-10361","1":"product","2":"type-product","3":"status-publish","4":"has-post-thumbnail","6":"product_cat-bolachas-biscoitos-salgadinhos","7":"product_cat-grocery","8":"product_cat-ofertas_home","10":"first","11":"instock","12":"sale","13":"taxable","14":"shipping-taxable","15":"purchasable","16":"product-type-simple"},"acf":[],"_links":{"self":[{"href":"https:\/\/mybrazil.co.uk\/en\/wp-json\/wp\/v2\/product\/10361","targetHints":{"allow":["GET"]}}],"collection":[{"href":"https:\/\/mybrazil.co.uk\/en\/wp-json\/wp\/v2\/product"}],"about":[{"href":"https:\/\/mybrazil.co.uk\/en\/wp-json\/wp\/v2\/types\/product"}],"replies":[{"embeddable":true,"href":"https:\/\/mybrazil.co.uk\/en\/wp-json\/wp\/v2\/comments?post=10361"}],"wp:featuredmedia":[{"embeddable":true,"href":"https:\/\/mybrazil.co.uk\/en\/wp-json\/wp\/v2\/media\/10362"}],"wp:attachment":[{"href":"https:\/\/mybrazil.co.uk\/en\/wp-json\/wp\/v2\/media?parent=10361"}],"wp:term":[{"taxonomy":"product_brand","embeddable":true,"href":"https:\/\/mybrazil.co.uk\/en\/wp-json\/wp\/v2\/product_brand?post=10361"},{"taxonomy":"product_cat","embeddable":true,"href":"https:\/\/mybrazil.co.uk\/en\/wp-json\/wp\/v2\/product_cat?post=10361"},{"taxonomy":"product_tag","embeddable":true,"href":"https:\/\/mybrazil.co.uk\/en\/wp-json\/wp\/v2\/product_tag?post=10361"}],"curies":[{"name":"wp","href":"https:\/\/api.w.org\/{rel}","templated":true}]}}