{"id":10357,"date":"2026-03-06T15:56:04","date_gmt":"2026-03-06T15:56:04","guid":{"rendered":"https:\/\/mybrazil.co.uk\/?post_type=product&#038;p=10357"},"modified":"2026-04-18T15:18:27","modified_gmt":"2026-04-18T14:18:27","slug":"cha-relaxa-de-camomila-e-maracuja-leao-16g","status":"publish","type":"product","link":"https:\/\/mybrazil.co.uk\/en\/shop\/cha-relaxa-de-camomila-e-maracuja-leao-16g\/","title":{"rendered":"Ch\u00e1 Relaxa de Camomila e Maracuja Leao 16g"},"content":{"rendered":"<p><strong data-start=\"125\" data-end=\"164\">Ch\u00e1 de Camomila e Maracuj\u00e1 Le\u00e3o 16g<\/strong> \u00e9 uma infus\u00e3o suave e arom\u00e1tica que combina o sabor delicado da camomila com o toque tropical e levemente adocicado do maracuj\u00e1. Ideal para momentos de relaxamento, especialmente \u00e0 noite, este ch\u00e1 oferece uma bebida reconfortante e naturalmente saborosa. Pr\u00e1tico e f\u00e1cil de preparar, cada embalagem cont\u00e9m sach\u00eas individuais que preservam o aroma e a qualidade dos ingredientes, sendo perfeito para consumir quente ou frio.<\/p>","protected":false},"excerpt":{"rendered":"<p>Ch\u00e1 de Camomila e Maracuj\u00e1 Le\u00e3o 16g \u00e9 uma infus\u00e3o suave e arom\u00e1tica que combina o sabor delicado da camomila com o toque tropical e levemente adocicado do maracuj\u00e1. Ideal para momentos de relaxamento, especialmente \u00e0 noite, este ch\u00e1 oferece uma bebida reconfortante e naturalmente saborosa. Pr\u00e1tico e f\u00e1cil de preparar, cada embalagem cont\u00e9m sach\u00eas [&hellip;]<\/p>","protected":false},"featured_media":10358,"comment_status":"open","ping_status":"closed","template":"","meta":{"_acf_changed":false,"_glsr_average":0,"_glsr_ranking":0,"_glsr_reviews":0},"product_brand":[],"product_cat":[93,43],"product_tag":[],"class_list":{"0":"post-10357","1":"product","2":"type-product","3":"status-publish","4":"has-post-thumbnail","6":"product_cat-chas-ervas","7":"product_cat-grocery","9":"first","10":"instock","11":"taxable","12":"shipping-taxable","13":"purchasable","14":"product-type-simple"},"acf":[],"_links":{"self":[{"href":"https:\/\/mybrazil.co.uk\/en\/wp-json\/wp\/v2\/product\/10357","targetHints":{"allow":["GET"]}}],"collection":[{"href":"https:\/\/mybrazil.co.uk\/en\/wp-json\/wp\/v2\/product"}],"about":[{"href":"https:\/\/mybrazil.co.uk\/en\/wp-json\/wp\/v2\/types\/product"}],"replies":[{"embeddable":true,"href":"https:\/\/mybrazil.co.uk\/en\/wp-json\/wp\/v2\/comments?post=10357"}],"wp:featuredmedia":[{"embeddable":true,"href":"https:\/\/mybrazil.co.uk\/en\/wp-json\/wp\/v2\/media\/10358"}],"wp:attachment":[{"href":"https:\/\/mybrazil.co.uk\/en\/wp-json\/wp\/v2\/media?parent=10357"}],"wp:term":[{"taxonomy":"product_brand","embeddable":true,"href":"https:\/\/mybrazil.co.uk\/en\/wp-json\/wp\/v2\/product_brand?post=10357"},{"taxonomy":"product_cat","embeddable":true,"href":"https:\/\/mybrazil.co.uk\/en\/wp-json\/wp\/v2\/product_cat?post=10357"},{"taxonomy":"product_tag","embeddable":true,"href":"https:\/\/mybrazil.co.uk\/en\/wp-json\/wp\/v2\/product_tag?post=10357"}],"curies":[{"name":"wp","href":"https:\/\/api.w.org\/{rel}","templated":true}]}}