{"id":10355,"date":"2026-03-06T15:42:06","date_gmt":"2026-03-06T15:42:06","guid":{"rendered":"https:\/\/mybrazil.co.uk\/?post_type=product&#038;p=10355"},"modified":"2026-04-19T11:54:19","modified_gmt":"2026-04-19T10:54:19","slug":"farinha-de-mandioca-torrada-amafil-500g","status":"publish","type":"product","link":"https:\/\/mybrazil.co.uk\/en\/shop\/farinha-de-mandioca-torrada-amafil-500g\/","title":{"rendered":"Farinha de Mandioca Torrada Amafil 500g"},"content":{"rendered":"<p><strong data-start=\"227\" data-end=\"270\">Farinha de Mandioca Torrada Amafil 500g<\/strong> \u00e9 produzida a partir da mandioca cuidadosamente selecionada, torrada para garantir textura crocante e sabor caracter\u00edstico. Muito utilizada na culin\u00e1ria brasileira, \u00e9 ideal para preparar farofas, acompanhar feij\u00e3o, churrasco e pratos tradicionais, al\u00e9m de ser usada em receitas como pir\u00e3o, tutu de feij\u00e3o e recheios. Vers\u00e1til e naturalmente sem gl\u00faten, proporciona sabor e textura \u00fanicos \u00e0s prepara\u00e7\u00f5es.<\/p>","protected":false},"excerpt":{"rendered":"<p>Farinha de Mandioca Torrada Amafil 500g \u00e9 produzida a partir da mandioca cuidadosamente selecionada, torrada para garantir textura crocante e sabor caracter\u00edstico. Muito utilizada na culin\u00e1ria brasileira, \u00e9 ideal para preparar farofas, acompanhar feij\u00e3o, churrasco e pratos tradicionais, al\u00e9m de ser usada em receitas como pir\u00e3o, tutu de feij\u00e3o e recheios. Vers\u00e1til e naturalmente sem [&hellip;]<\/p>","protected":false},"featured_media":10356,"comment_status":"open","ping_status":"closed","template":"","meta":{"_acf_changed":false,"_glsr_average":0,"_glsr_ranking":0,"_glsr_reviews":0},"product_brand":[],"product_cat":[94,43],"product_tag":[],"class_list":{"0":"post-10355","1":"product","2":"type-product","3":"status-publish","4":"has-post-thumbnail","6":"product_cat-graos-farinhacos","7":"product_cat-grocery","9":"first","10":"instock","11":"taxable","12":"shipping-taxable","13":"purchasable","14":"product-type-simple"},"acf":[],"_links":{"self":[{"href":"https:\/\/mybrazil.co.uk\/en\/wp-json\/wp\/v2\/product\/10355","targetHints":{"allow":["GET"]}}],"collection":[{"href":"https:\/\/mybrazil.co.uk\/en\/wp-json\/wp\/v2\/product"}],"about":[{"href":"https:\/\/mybrazil.co.uk\/en\/wp-json\/wp\/v2\/types\/product"}],"replies":[{"embeddable":true,"href":"https:\/\/mybrazil.co.uk\/en\/wp-json\/wp\/v2\/comments?post=10355"}],"wp:featuredmedia":[{"embeddable":true,"href":"https:\/\/mybrazil.co.uk\/en\/wp-json\/wp\/v2\/media\/10356"}],"wp:attachment":[{"href":"https:\/\/mybrazil.co.uk\/en\/wp-json\/wp\/v2\/media?parent=10355"}],"wp:term":[{"taxonomy":"product_brand","embeddable":true,"href":"https:\/\/mybrazil.co.uk\/en\/wp-json\/wp\/v2\/product_brand?post=10355"},{"taxonomy":"product_cat","embeddable":true,"href":"https:\/\/mybrazil.co.uk\/en\/wp-json\/wp\/v2\/product_cat?post=10355"},{"taxonomy":"product_tag","embeddable":true,"href":"https:\/\/mybrazil.co.uk\/en\/wp-json\/wp\/v2\/product_tag?post=10355"}],"curies":[{"name":"wp","href":"https:\/\/api.w.org\/{rel}","templated":true}]}}