{"id":10284,"date":"2026-02-20T16:06:46","date_gmt":"2026-02-20T16:06:46","guid":{"rendered":"https:\/\/mybrazil.co.uk\/?post_type=product&#038;p=10284"},"modified":"2026-04-03T12:15:31","modified_gmt":"2026-04-03T11:15:31","slug":"xarope-de-guarana-900ml-gnutre","status":"publish","type":"product","link":"https:\/\/mybrazil.co.uk\/en\/shop\/xarope-de-guarana-900ml-gnutre\/","title":{"rendered":"Xarope de Guarana 900ml GNutre"},"content":{"rendered":"<p>Xarope de Guaran\u00e1 900ml \u00e9 um concentrado de sabor tradicional brasileiro, ideal para o preparo de bebidas refrescantes, sucos, coquet\u00e9is, raspadinhas e diversas receitas. Com f\u00e1cil dilui\u00e7\u00e3o e excelente rendimento, permite ajustar a intensidade do sabor conforme a prefer\u00eancia. Sua embalagem pr\u00e1tica \u00e9 indicada tanto para uso dom\u00e9stico quanto profissional, proporcionando o sabor marcante e caracter\u00edstico do guaran\u00e1 em qualquer ocasi\u00e3o.<\/p>","protected":false},"excerpt":{"rendered":"<p>Xarope de Guaran\u00e1 900ml \u00e9 um concentrado de sabor tradicional brasileiro, ideal para o preparo de bebidas refrescantes, sucos, coquet\u00e9is, raspadinhas e diversas receitas. Com f\u00e1cil dilui\u00e7\u00e3o e excelente rendimento, permite ajustar a intensidade do sabor conforme a prefer\u00eancia. Sua embalagem pr\u00e1tica \u00e9 indicada tanto para uso dom\u00e9stico quanto profissional, proporcionando o sabor marcante e [&hellip;]<\/p>","protected":false},"featured_media":10285,"comment_status":"open","ping_status":"closed","template":"","meta":{"_acf_changed":false,"_glsr_average":0,"_glsr_ranking":0,"_glsr_reviews":0},"product_brand":[],"product_cat":[42,91],"product_tag":[],"class_list":{"0":"post-10284","1":"product","2":"type-product","3":"status-publish","4":"has-post-thumbnail","6":"product_cat-drink","7":"product_cat-sucos","9":"first","10":"instock","11":"taxable","12":"shipping-taxable","13":"purchasable","14":"product-type-simple"},"acf":[],"_links":{"self":[{"href":"https:\/\/mybrazil.co.uk\/en\/wp-json\/wp\/v2\/product\/10284","targetHints":{"allow":["GET"]}}],"collection":[{"href":"https:\/\/mybrazil.co.uk\/en\/wp-json\/wp\/v2\/product"}],"about":[{"href":"https:\/\/mybrazil.co.uk\/en\/wp-json\/wp\/v2\/types\/product"}],"replies":[{"embeddable":true,"href":"https:\/\/mybrazil.co.uk\/en\/wp-json\/wp\/v2\/comments?post=10284"}],"wp:featuredmedia":[{"embeddable":true,"href":"https:\/\/mybrazil.co.uk\/en\/wp-json\/wp\/v2\/media\/10285"}],"wp:attachment":[{"href":"https:\/\/mybrazil.co.uk\/en\/wp-json\/wp\/v2\/media?parent=10284"}],"wp:term":[{"taxonomy":"product_brand","embeddable":true,"href":"https:\/\/mybrazil.co.uk\/en\/wp-json\/wp\/v2\/product_brand?post=10284"},{"taxonomy":"product_cat","embeddable":true,"href":"https:\/\/mybrazil.co.uk\/en\/wp-json\/wp\/v2\/product_cat?post=10284"},{"taxonomy":"product_tag","embeddable":true,"href":"https:\/\/mybrazil.co.uk\/en\/wp-json\/wp\/v2\/product_tag?post=10284"}],"curies":[{"name":"wp","href":"https:\/\/api.w.org\/{rel}","templated":true}]}}