{"id":10272,"date":"2026-02-19T13:54:52","date_gmt":"2026-02-19T13:54:52","guid":{"rendered":"https:\/\/mybrazil.co.uk\/?post_type=product&#038;p=10272"},"modified":"2026-03-09T13:04:19","modified_gmt":"2026-03-09T13:04:19","slug":"picanha-black-angus-1-800-kg-1-900-kg","status":"publish","type":"product","link":"https:\/\/mybrazil.co.uk\/en\/shop\/picanha-black-angus-1-800-kg-1-900-kg\/","title":{"rendered":"Picanha Black Angus 1.800 kg &#8211; 1.900 kg"},"content":{"rendered":"<p>Picanha Black Angus UK (1,8kg \u2013 1,9kg) \u00e9 um corte bovino premium retirado da capa da alcatra (rump cap), proveniente de gado Black Angus, reconhecido pelo marmoreio superior, maciez e sabor intenso. Possui uma camada uniforme de gordura que garante sucul\u00eancia e real\u00e7a o sabor durante o preparo. Ideal para churrasco, pode ser preparada inteira, em espetos ou em bifes, tamb\u00e9m sendo excelente para assar ou grelhar. Uma pe\u00e7a de alto padr\u00e3o, perfeita para ocasi\u00f5es especiais e para quem busca qualidade gourmet e excelente rendimento.<\/p>","protected":false},"excerpt":{"rendered":"<p>Picanha Black Angus UK (1,8kg \u2013 1,9kg) \u00e9 um corte bovino premium retirado da capa da alcatra (rump cap), proveniente de gado Black Angus, reconhecido pelo marmoreio superior, maciez e sabor intenso. Possui uma camada uniforme de gordura que garante sucul\u00eancia e real\u00e7a o sabor durante o preparo. Ideal para churrasco, pode ser preparada inteira, [&hellip;]<\/p>","protected":false},"featured_media":6056,"comment_status":"open","ping_status":"closed","template":"","meta":{"_acf_changed":false,"_glsr_average":0,"_glsr_ranking":0,"_glsr_reviews":0},"product_brand":[],"product_cat":[96,44],"product_tag":[],"class_list":{"0":"post-10272","1":"product","2":"type-product","3":"status-publish","4":"has-post-thumbnail","6":"product_cat-bovinos","7":"product_cat-meat","9":"first","10":"instock","11":"taxable","12":"shipping-taxable","13":"purchasable","14":"product-type-simple"},"acf":[],"_links":{"self":[{"href":"https:\/\/mybrazil.co.uk\/en\/wp-json\/wp\/v2\/product\/10272","targetHints":{"allow":["GET"]}}],"collection":[{"href":"https:\/\/mybrazil.co.uk\/en\/wp-json\/wp\/v2\/product"}],"about":[{"href":"https:\/\/mybrazil.co.uk\/en\/wp-json\/wp\/v2\/types\/product"}],"replies":[{"embeddable":true,"href":"https:\/\/mybrazil.co.uk\/en\/wp-json\/wp\/v2\/comments?post=10272"}],"wp:featuredmedia":[{"embeddable":true,"href":"https:\/\/mybrazil.co.uk\/en\/wp-json\/wp\/v2\/media\/6056"}],"wp:attachment":[{"href":"https:\/\/mybrazil.co.uk\/en\/wp-json\/wp\/v2\/media?parent=10272"}],"wp:term":[{"taxonomy":"product_brand","embeddable":true,"href":"https:\/\/mybrazil.co.uk\/en\/wp-json\/wp\/v2\/product_brand?post=10272"},{"taxonomy":"product_cat","embeddable":true,"href":"https:\/\/mybrazil.co.uk\/en\/wp-json\/wp\/v2\/product_cat?post=10272"},{"taxonomy":"product_tag","embeddable":true,"href":"https:\/\/mybrazil.co.uk\/en\/wp-json\/wp\/v2\/product_tag?post=10272"}],"curies":[{"name":"wp","href":"https:\/\/api.w.org\/{rel}","templated":true}]}}