{"id":10271,"date":"2026-02-19T13:47:17","date_gmt":"2026-02-19T13:47:17","guid":{"rendered":"https:\/\/mybrazil.co.uk\/?post_type=product&#038;p=10271"},"modified":"2026-04-10T12:05:10","modified_gmt":"2026-04-10T11:05:10","slug":"picanha-uk-1-100-kg-1-200-kg","status":"publish","type":"product","link":"https:\/\/mybrazil.co.uk\/en\/shop\/picanha-uk-1-100-kg-1-200-kg\/","title":{"rendered":"Picanha uk 1.100 kg &#8211; 1.200 kg"},"content":{"rendered":"<p>Picanha UK (1,1kg \u2013 1,2kg) \u00e9 um corte premium bovino retirado da capa do contrafil\u00e9 (rump cap), reconhecido pela sua camada uniforme de gordura que garante sucul\u00eancia, maciez e sabor intenso durante o preparo. Muito apreciada no churrasco brasileiro, \u00e9 ideal para grelhar, assar inteira no forno ou preparar em espetos no estilo churrasco. Perfeita para ocasi\u00f5es especiais, re\u00fane textura macia, marmoreio equilibrado e excelente rendimento para compartilhar.<\/p>","protected":false},"excerpt":{"rendered":"<p>Picanha UK (1,1kg \u2013 1,2kg) \u00e9 um corte premium bovino retirado da capa do contrafil\u00e9 (rump cap), reconhecido pela sua camada uniforme de gordura que garante sucul\u00eancia, maciez e sabor intenso durante o preparo. Muito apreciada no churrasco brasileiro, \u00e9 ideal para grelhar, assar inteira no forno ou preparar em espetos no estilo churrasco. Perfeita [&hellip;]<\/p>","protected":false},"featured_media":10172,"comment_status":"open","ping_status":"closed","template":"","meta":{"_acf_changed":false,"_glsr_average":0,"_glsr_ranking":0,"_glsr_reviews":0},"product_brand":[],"product_cat":[96,44,33],"product_tag":[],"class_list":{"0":"post-10271","1":"product","2":"type-product","3":"status-publish","4":"has-post-thumbnail","6":"product_cat-bovinos","7":"product_cat-meat","8":"product_cat-ofertas_home","10":"first","11":"instock","12":"sale","13":"taxable","14":"shipping-taxable","15":"purchasable","16":"product-type-simple"},"acf":[],"_links":{"self":[{"href":"https:\/\/mybrazil.co.uk\/en\/wp-json\/wp\/v2\/product\/10271","targetHints":{"allow":["GET"]}}],"collection":[{"href":"https:\/\/mybrazil.co.uk\/en\/wp-json\/wp\/v2\/product"}],"about":[{"href":"https:\/\/mybrazil.co.uk\/en\/wp-json\/wp\/v2\/types\/product"}],"replies":[{"embeddable":true,"href":"https:\/\/mybrazil.co.uk\/en\/wp-json\/wp\/v2\/comments?post=10271"}],"wp:featuredmedia":[{"embeddable":true,"href":"https:\/\/mybrazil.co.uk\/en\/wp-json\/wp\/v2\/media\/10172"}],"wp:attachment":[{"href":"https:\/\/mybrazil.co.uk\/en\/wp-json\/wp\/v2\/media?parent=10271"}],"wp:term":[{"taxonomy":"product_brand","embeddable":true,"href":"https:\/\/mybrazil.co.uk\/en\/wp-json\/wp\/v2\/product_brand?post=10271"},{"taxonomy":"product_cat","embeddable":true,"href":"https:\/\/mybrazil.co.uk\/en\/wp-json\/wp\/v2\/product_cat?post=10271"},{"taxonomy":"product_tag","embeddable":true,"href":"https:\/\/mybrazil.co.uk\/en\/wp-json\/wp\/v2\/product_tag?post=10271"}],"curies":[{"name":"wp","href":"https:\/\/api.w.org\/{rel}","templated":true}]}}