{"id":10263,"date":"2026-02-17T17:12:40","date_gmt":"2026-02-17T17:12:40","guid":{"rendered":"https:\/\/mybrazil.co.uk\/?post_type=product&#038;p=10263"},"modified":"2026-02-17T17:30:13","modified_gmt":"2026-02-17T17:30:13","slug":"cordeiro-lamb-rack-new-zeland","status":"publish","type":"product","link":"https:\/\/mybrazil.co.uk\/en\/shop\/cordeiro-lamb-rack-new-zeland\/","title":{"rendered":"Cordeiro Lamb Rack New Zeland"},"content":{"rendered":"<p data-start=\"60\" data-end=\"333\"><strong data-start=\"60\" data-end=\"90\">Lamb Rack da New Zelandia<\/strong> \u2014 tamb\u00e9m conhecido como carr\u00e9 de cordeiro, \u00e9 um corte nobre retirado da regi\u00e3o das costelas (rib section) do cordeiro. \u00c9 valorizado pela maciez, sucul\u00eancia e apresenta\u00e7\u00e3o elegante, sendo muito utilizado em restaurantes e ocasi\u00f5es especiais.<\/p>\n<p data-start=\"335\" data-end=\"621\">Normalmente preparado inteiro (em pe\u00e7a) ou fatiado em costeletas individuais, pode ser assado ao forno, grelhado ou selado e finalizado no forno. A carne de cordeiro neozeland\u00eas \u00e9 amplamente reconhecida por ser proveniente de animais criados a pasto, em sistemas naturais de produ\u00e7\u00e3o.<\/p>","protected":false},"excerpt":{"rendered":"<p>Lamb Rack da New Zelandia \u2014 tamb\u00e9m conhecido como carr\u00e9 de cordeiro, \u00e9 um corte nobre retirado da regi\u00e3o das costelas (rib section) do cordeiro. \u00c9 valorizado pela maciez, sucul\u00eancia e apresenta\u00e7\u00e3o elegante, sendo muito utilizado em restaurantes e ocasi\u00f5es especiais. Normalmente preparado inteiro (em pe\u00e7a) ou fatiado em costeletas individuais, pode ser assado ao [&hellip;]<\/p>","protected":false},"featured_media":10264,"comment_status":"open","ping_status":"closed","template":"","meta":{"_acf_changed":false,"_glsr_average":0,"_glsr_ranking":0,"_glsr_reviews":0},"product_brand":[],"product_cat":[96,44],"product_tag":[],"class_list":{"0":"post-10263","1":"product","2":"type-product","3":"status-publish","4":"has-post-thumbnail","6":"product_cat-bovinos","7":"product_cat-meat","9":"first","10":"instock","11":"taxable","12":"shipping-taxable","13":"purchasable","14":"product-type-simple"},"acf":[],"_links":{"self":[{"href":"https:\/\/mybrazil.co.uk\/en\/wp-json\/wp\/v2\/product\/10263","targetHints":{"allow":["GET"]}}],"collection":[{"href":"https:\/\/mybrazil.co.uk\/en\/wp-json\/wp\/v2\/product"}],"about":[{"href":"https:\/\/mybrazil.co.uk\/en\/wp-json\/wp\/v2\/types\/product"}],"replies":[{"embeddable":true,"href":"https:\/\/mybrazil.co.uk\/en\/wp-json\/wp\/v2\/comments?post=10263"}],"wp:featuredmedia":[{"embeddable":true,"href":"https:\/\/mybrazil.co.uk\/en\/wp-json\/wp\/v2\/media\/10264"}],"wp:attachment":[{"href":"https:\/\/mybrazil.co.uk\/en\/wp-json\/wp\/v2\/media?parent=10263"}],"wp:term":[{"taxonomy":"product_brand","embeddable":true,"href":"https:\/\/mybrazil.co.uk\/en\/wp-json\/wp\/v2\/product_brand?post=10263"},{"taxonomy":"product_cat","embeddable":true,"href":"https:\/\/mybrazil.co.uk\/en\/wp-json\/wp\/v2\/product_cat?post=10263"},{"taxonomy":"product_tag","embeddable":true,"href":"https:\/\/mybrazil.co.uk\/en\/wp-json\/wp\/v2\/product_tag?post=10263"}],"curies":[{"name":"wp","href":"https:\/\/api.w.org\/{rel}","templated":true}]}}