{"id":10259,"date":"2026-02-17T15:30:54","date_gmt":"2026-02-17T15:30:54","guid":{"rendered":"https:\/\/mybrazil.co.uk\/?post_type=product&#038;p=10259"},"modified":"2026-04-15T10:37:30","modified_gmt":"2026-04-15T09:37:30","slug":"miolo-da-paleta-new-zeland","status":"publish","type":"product","link":"https:\/\/mybrazil.co.uk\/en\/shop\/miolo-da-paleta-new-zeland\/","title":{"rendered":"Miolo da Paleta &#8211; New Zeland"},"content":{"rendered":"<p data-start=\"267\" data-end=\"497\"><strong data-start=\"267\" data-end=\"293\">Miolo da Paleta Bovina<\/strong> \u2014 corte extra\u00eddo da parte central da paleta (regi\u00e3o dianteira do boi), tamb\u00e9m conhecido como <em data-start=\"387\" data-end=\"402\">shoulder clod<\/em>. \u00c9 uma carne com fibras firmes, sabor marcante e bom equil\u00edbrio entre carne magra e gordura.<\/p>\n<p data-start=\"499\" data-end=\"728\">Por possuir quantidade moderada de col\u00e1geno, \u00e9 ideal para prepara\u00e7\u00f5es de cozimento lento, como carne de panela, ensopados, assados longos e carne desfiada. Quando preparado corretamente, torna-se macio e extremamente suculento.<\/p>\n<p data-start=\"730\" data-end=\"820\">Muito utilizado tamb\u00e9m para cortes em cubos ou bifes mais espessos para coc\u00e7\u00e3o controlada.<\/p>","protected":false},"excerpt":{"rendered":"<p>Miolo da Paleta Bovina \u2014 corte extra\u00eddo da parte central da paleta (regi\u00e3o dianteira do boi), tamb\u00e9m conhecido como shoulder clod. \u00c9 uma carne com fibras firmes, sabor marcante e bom equil\u00edbrio entre carne magra e gordura. Por possuir quantidade moderada de col\u00e1geno, \u00e9 ideal para prepara\u00e7\u00f5es de cozimento lento, como carne de panela, ensopados, [&hellip;]<\/p>","protected":false},"featured_media":10262,"comment_status":"open","ping_status":"closed","template":"","meta":{"_acf_changed":false,"_glsr_average":0,"_glsr_ranking":0,"_glsr_reviews":0},"product_brand":[],"product_cat":[96,44],"product_tag":[],"class_list":{"0":"post-10259","1":"product","2":"type-product","3":"status-publish","4":"has-post-thumbnail","6":"product_cat-bovinos","7":"product_cat-meat","9":"first","10":"instock","11":"taxable","12":"shipping-taxable","13":"purchasable","14":"product-type-simple"},"acf":[],"_links":{"self":[{"href":"https:\/\/mybrazil.co.uk\/en\/wp-json\/wp\/v2\/product\/10259","targetHints":{"allow":["GET"]}}],"collection":[{"href":"https:\/\/mybrazil.co.uk\/en\/wp-json\/wp\/v2\/product"}],"about":[{"href":"https:\/\/mybrazil.co.uk\/en\/wp-json\/wp\/v2\/types\/product"}],"replies":[{"embeddable":true,"href":"https:\/\/mybrazil.co.uk\/en\/wp-json\/wp\/v2\/comments?post=10259"}],"wp:featuredmedia":[{"embeddable":true,"href":"https:\/\/mybrazil.co.uk\/en\/wp-json\/wp\/v2\/media\/10262"}],"wp:attachment":[{"href":"https:\/\/mybrazil.co.uk\/en\/wp-json\/wp\/v2\/media?parent=10259"}],"wp:term":[{"taxonomy":"product_brand","embeddable":true,"href":"https:\/\/mybrazil.co.uk\/en\/wp-json\/wp\/v2\/product_brand?post=10259"},{"taxonomy":"product_cat","embeddable":true,"href":"https:\/\/mybrazil.co.uk\/en\/wp-json\/wp\/v2\/product_cat?post=10259"},{"taxonomy":"product_tag","embeddable":true,"href":"https:\/\/mybrazil.co.uk\/en\/wp-json\/wp\/v2\/product_tag?post=10259"}],"curies":[{"name":"wp","href":"https:\/\/api.w.org\/{rel}","templated":true}]}}