{"id":10256,"date":"2026-02-17T12:05:41","date_gmt":"2026-02-17T12:05:41","guid":{"rendered":"https:\/\/mybrazil.co.uk\/?post_type=product&#038;p=10256"},"modified":"2026-04-16T11:03:32","modified_gmt":"2026-04-16T10:03:32","slug":"lamb-chump","status":"publish","type":"product","link":"https:\/\/mybrazil.co.uk\/en\/shop\/lamb-chump\/","title":{"rendered":"Cordeiro Lamb Chump New Zeland"},"content":{"rendered":"<p><strong data-start=\"241\" data-end=\"283\">Lamb Chump \u2013 Cordeiro da Nova Zel\u00e2ndia<\/strong> \u2014 corte saboroso retirado da parte traseira do cordeiro, onde o lombo encontra a perna. Tradicionalmente valorizado por sua sucul\u00eancia e sabor intenso, o <em data-start=\"438\" data-end=\"445\">chump<\/em> possui uma camada fina de gordura que ajuda a manter a carne tenra durante o cozimento. Excelente para grelhar, assar inteiro ou cortar em <em data-start=\"585\" data-end=\"605\">chump chops\/steaks<\/em>. Origin\u00e1rio da Nova Zel\u00e2ndia, onde o cordeiro cresce em pastagens naturais sob alto padr\u00e3o de qualidade.<\/p>","protected":false},"excerpt":{"rendered":"<p>Lamb Chump \u2013 Cordeiro da Nova Zel\u00e2ndia \u2014 corte saboroso retirado da parte traseira do cordeiro, onde o lombo encontra a perna. Tradicionalmente valorizado por sua sucul\u00eancia e sabor intenso, o chump possui uma camada fina de gordura que ajuda a manter a carne tenra durante o cozimento. Excelente para grelhar, assar inteiro ou cortar [&hellip;]<\/p>","protected":false},"featured_media":10265,"comment_status":"open","ping_status":"closed","template":"","meta":{"_acf_changed":false,"_glsr_average":0,"_glsr_ranking":0,"_glsr_reviews":0},"product_brand":[],"product_cat":[96,44],"product_tag":[],"class_list":{"0":"post-10256","1":"product","2":"type-product","3":"status-publish","4":"has-post-thumbnail","6":"product_cat-bovinos","7":"product_cat-meat","9":"first","10":"instock","11":"taxable","12":"shipping-taxable","13":"purchasable","14":"product-type-simple"},"acf":[],"_links":{"self":[{"href":"https:\/\/mybrazil.co.uk\/en\/wp-json\/wp\/v2\/product\/10256","targetHints":{"allow":["GET"]}}],"collection":[{"href":"https:\/\/mybrazil.co.uk\/en\/wp-json\/wp\/v2\/product"}],"about":[{"href":"https:\/\/mybrazil.co.uk\/en\/wp-json\/wp\/v2\/types\/product"}],"replies":[{"embeddable":true,"href":"https:\/\/mybrazil.co.uk\/en\/wp-json\/wp\/v2\/comments?post=10256"}],"wp:featuredmedia":[{"embeddable":true,"href":"https:\/\/mybrazil.co.uk\/en\/wp-json\/wp\/v2\/media\/10265"}],"wp:attachment":[{"href":"https:\/\/mybrazil.co.uk\/en\/wp-json\/wp\/v2\/media?parent=10256"}],"wp:term":[{"taxonomy":"product_brand","embeddable":true,"href":"https:\/\/mybrazil.co.uk\/en\/wp-json\/wp\/v2\/product_brand?post=10256"},{"taxonomy":"product_cat","embeddable":true,"href":"https:\/\/mybrazil.co.uk\/en\/wp-json\/wp\/v2\/product_cat?post=10256"},{"taxonomy":"product_tag","embeddable":true,"href":"https:\/\/mybrazil.co.uk\/en\/wp-json\/wp\/v2\/product_tag?post=10256"}],"curies":[{"name":"wp","href":"https:\/\/api.w.org\/{rel}","templated":true}]}}