{"id":10239,"date":"2026-02-11T11:47:56","date_gmt":"2026-02-11T11:47:56","guid":{"rendered":"https:\/\/mybrazil.co.uk\/?post_type=product&#038;p=10239"},"modified":"2026-03-12T12:07:00","modified_gmt":"2026-03-12T12:07:00","slug":"oleo-hidratante-flor-de-ameixa-200ml-nativa-spa","status":"publish","type":"product","link":"https:\/\/mybrazil.co.uk\/en\/shop\/oleo-hidratante-flor-de-ameixa-200ml-nativa-spa\/","title":{"rendered":"Oleo Hidratante Flor de Ameixa 200ml Nativa SPA"},"content":{"rendered":"<p>O <strong data-start=\"73\" data-end=\"136\">\u00d3leo Hidratante Corporal Flor de Ameixa 200\u202fml \u2013 Nativa SPA<\/strong> \u00e9 um \u00f3leo corporal hidratante de O Botic\u00e1rio formulado para nutrir profundamente a pele e deix\u00e1\u2011la macia, perfumada e com sensa\u00e7\u00e3o aveludada. Com fragr\u00e2ncia inspirada na flor da ameixa, de fam\u00edlia olfativa floral marcante e sofisticada, proporciona hidrata\u00e7\u00e3o prolongada e toque n\u00e3o pegajoso. Sua f\u00f3rmula \u00e9 enriquecida com extrato de ameixa e gotas purificadas de \u00f3leo de quinoa, que ajudam a manter a elasticidade da pele, refor\u00e7ar a barreira cut\u00e2nea e prevenir o ressecamento, al\u00e9m de envolver a pele numa camada de perfume envolvente. Ideal para uso di\u00e1rio ap\u00f3s o banho ou sempre que quiser uma pele hidratada e perfumada.<\/p>\n<h2 data-start=\"1457\" data-end=\"1488\">Ingredientes \/ Ingredients<\/h2>\n<p data-start=\"1489\" data-end=\"2032\"><em data-start=\"1489\" data-end=\"1524\">Formula typical for this product:<\/em><br data-start=\"1524\" data-end=\"1527\" \/>*<em data-start=\"1528\" data-end=\"1994\">Helianthus Annuus Seed Oil (Sunflower Seed Oil), Ethylhexyl Stearate, Parfum (Fragrance), Laureth\u20112, Tocopheryl Acetate (Vitamin E), Benzyl Alcohol, Phenoxyethanol, Chenopodium Quinoa Seed Oil Ethyl Esters (Quinoa Oil), Propylene Glycol, Glycerin, Aqua (Water), Prunus Domestica Fruit Extract (Plum Extract), Potassium Sorbate, Tetrasodium EDTA, Sodium Benzoate, Alpha\u2011Isomethyl Ionone, Benzyl Salicylate, Citronellol, Coumarin, Hexyl Cinnamal, Limonene, Linalool.<\/em><\/p>","protected":false},"excerpt":{"rendered":"<p>O \u00d3leo Hidratante Corporal Flor de Ameixa 200\u202fml \u2013 Nativa SPA \u00e9 um \u00f3leo corporal hidratante de O Botic\u00e1rio formulado para nutrir profundamente a pele e deix\u00e1\u2011la macia, perfumada e com sensa\u00e7\u00e3o aveludada. Com fragr\u00e2ncia inspirada na flor da ameixa, de fam\u00edlia olfativa floral marcante e sofisticada, proporciona hidrata\u00e7\u00e3o prolongada e toque n\u00e3o pegajoso. Sua [&hellip;]<\/p>","protected":false},"featured_media":10240,"comment_status":"open","ping_status":"closed","template":"","meta":{"_acf_changed":false,"_glsr_average":0,"_glsr_ranking":0,"_glsr_reviews":0},"product_brand":[],"product_cat":[40],"product_tag":[],"class_list":{"0":"post-10239","1":"product","2":"type-product","3":"status-publish","4":"has-post-thumbnail","6":"product_cat-beauty","8":"first","9":"outofstock","10":"taxable","11":"shipping-taxable","12":"purchasable","13":"product-type-simple"},"acf":[],"_links":{"self":[{"href":"https:\/\/mybrazil.co.uk\/en\/wp-json\/wp\/v2\/product\/10239","targetHints":{"allow":["GET"]}}],"collection":[{"href":"https:\/\/mybrazil.co.uk\/en\/wp-json\/wp\/v2\/product"}],"about":[{"href":"https:\/\/mybrazil.co.uk\/en\/wp-json\/wp\/v2\/types\/product"}],"replies":[{"embeddable":true,"href":"https:\/\/mybrazil.co.uk\/en\/wp-json\/wp\/v2\/comments?post=10239"}],"wp:featuredmedia":[{"embeddable":true,"href":"https:\/\/mybrazil.co.uk\/en\/wp-json\/wp\/v2\/media\/10240"}],"wp:attachment":[{"href":"https:\/\/mybrazil.co.uk\/en\/wp-json\/wp\/v2\/media?parent=10239"}],"wp:term":[{"taxonomy":"product_brand","embeddable":true,"href":"https:\/\/mybrazil.co.uk\/en\/wp-json\/wp\/v2\/product_brand?post=10239"},{"taxonomy":"product_cat","embeddable":true,"href":"https:\/\/mybrazil.co.uk\/en\/wp-json\/wp\/v2\/product_cat?post=10239"},{"taxonomy":"product_tag","embeddable":true,"href":"https:\/\/mybrazil.co.uk\/en\/wp-json\/wp\/v2\/product_tag?post=10239"}],"curies":[{"name":"wp","href":"https:\/\/api.w.org\/{rel}","templated":true}]}}