{"id":10237,"date":"2026-02-11T11:23:22","date_gmt":"2026-02-11T11:23:22","guid":{"rendered":"https:\/\/mybrazil.co.uk\/?post_type=product&#038;p=10237"},"modified":"2026-03-30T18:42:34","modified_gmt":"2026-03-30T17:42:34","slug":"colonia-da-lua-100ml-boti-baby","status":"publish","type":"product","link":"https:\/\/mybrazil.co.uk\/en\/shop\/colonia-da-lua-100ml-boti-baby\/","title":{"rendered":"Colonia da Lua 100ml Boti baby"},"content":{"rendered":"<p>Col\u00f4nia infantil Boti Baby Lua 100ml, desenvolvida especialmente para a pele delicada do beb\u00ea. Sua fragr\u00e2ncia suave da fam\u00edlia Floral Musk, com notas de camomila e lavanda, ajuda a criar uma atmosfera relaxante e aconchegante para o momento do sono. Com 95% de ingredientes de origem natural, f\u00f3rmula sem \u00e1lcool et\u00edlico e sem corantes, \u00e9 testada e recomendada por pediatras e dermatologistas. Ideal para perfumar delicadamente a roupinha ou o ambiente, proporcionando conforto, carinho e bem-estar ao beb\u00ea.<br \/>\n<strong>Ingredientes \/ Ingredients:<\/strong><br \/>\nAqua (Water), PEG-40 Hydrogenated Castor Oil, Parfum (Fragrance), Sodium Benzoate, Sodium Gluconate, Citric Acid, Triethanolamine.<\/p>","protected":false},"excerpt":{"rendered":"<p>Col\u00f4nia infantil Boti Baby Lua 100ml, desenvolvida especialmente para a pele delicada do beb\u00ea. Sua fragr\u00e2ncia suave da fam\u00edlia Floral Musk, com notas de camomila e lavanda, ajuda a criar uma atmosfera relaxante e aconchegante para o momento do sono. Com 95% de ingredientes de origem natural, f\u00f3rmula sem \u00e1lcool et\u00edlico e sem corantes, \u00e9 [&hellip;]<\/p>","protected":false},"featured_media":10238,"comment_status":"open","ping_status":"closed","template":"","meta":{"_acf_changed":false,"_glsr_average":0,"_glsr_ranking":0,"_glsr_reviews":0},"product_brand":[],"product_cat":[40],"product_tag":[],"class_list":{"0":"post-10237","1":"product","2":"type-product","3":"status-publish","4":"has-post-thumbnail","6":"product_cat-beauty","8":"first","9":"instock","10":"taxable","11":"shipping-taxable","12":"purchasable","13":"product-type-simple"},"acf":[],"_links":{"self":[{"href":"https:\/\/mybrazil.co.uk\/en\/wp-json\/wp\/v2\/product\/10237","targetHints":{"allow":["GET"]}}],"collection":[{"href":"https:\/\/mybrazil.co.uk\/en\/wp-json\/wp\/v2\/product"}],"about":[{"href":"https:\/\/mybrazil.co.uk\/en\/wp-json\/wp\/v2\/types\/product"}],"replies":[{"embeddable":true,"href":"https:\/\/mybrazil.co.uk\/en\/wp-json\/wp\/v2\/comments?post=10237"}],"wp:featuredmedia":[{"embeddable":true,"href":"https:\/\/mybrazil.co.uk\/en\/wp-json\/wp\/v2\/media\/10238"}],"wp:attachment":[{"href":"https:\/\/mybrazil.co.uk\/en\/wp-json\/wp\/v2\/media?parent=10237"}],"wp:term":[{"taxonomy":"product_brand","embeddable":true,"href":"https:\/\/mybrazil.co.uk\/en\/wp-json\/wp\/v2\/product_brand?post=10237"},{"taxonomy":"product_cat","embeddable":true,"href":"https:\/\/mybrazil.co.uk\/en\/wp-json\/wp\/v2\/product_cat?post=10237"},{"taxonomy":"product_tag","embeddable":true,"href":"https:\/\/mybrazil.co.uk\/en\/wp-json\/wp\/v2\/product_tag?post=10237"}],"curies":[{"name":"wp","href":"https:\/\/api.w.org\/{rel}","templated":true}]}}