{"id":10234,"date":"2026-02-11T11:21:56","date_gmt":"2026-02-11T11:21:56","guid":{"rendered":"https:\/\/mybrazil.co.uk\/?post_type=product&#038;p=10234"},"modified":"2026-02-11T12:23:17","modified_gmt":"2026-02-11T12:23:17","slug":"oleo-corporal-merlot-grape-200ml-nativaspa","status":"publish","type":"product","link":"https:\/\/mybrazil.co.uk\/en\/shop\/oleo-corporal-merlot-grape-200ml-nativaspa\/","title":{"rendered":"Oleo corporal Merlot Grape 200ml NativaSPA"},"content":{"rendered":"<p>O \u00d3leo Corporal Nativa SPA Uva Merlot 200ml, de O Botic\u00e1rio, \u00e9 um \u00f3leo bif\u00e1sico hidratante que nutre profundamente a pele, deixando-a macia, luminosa e delicadamente perfumada. Enriquecido com \u00f3leo de quinoa e \u00f3leo de semente de uva, ajuda a manter a hidrata\u00e7\u00e3o natural, melhora a elasticidade e contribui para a preven\u00e7\u00e3o do ressecamento e dos sinais do tempo. Sua fragr\u00e2ncia sofisticada com o exclusivo Acorde Merlot Essence proporciona uma experi\u00eancia sensorial envolvente. Ideal para uso ap\u00f3s o banho, com r\u00e1pida absor\u00e7\u00e3o e toque n\u00e3o pegajoso. Produto vegano e cruelty-free.<br \/>\n<strong>Ingredientes \/ Ingredients:<\/strong><br \/>\nAqua (Water), Dimethicone, Hydrogenated Farnesene, Isododecane, Dimethiconol, Prunus Amygdalus Dulcis (Sweet Almond) Oil, Parfum (Fragrance), Olus Oil (Vegetable Oil), Vitis Vinifera (Grape Seed) Oil, Potassium Chloride, Phenoxyethanol, Benzyl Alcohol, Sodium Gluconate, Disodium Phosphate, Sodium Phosphate, Ethylhexyl Salicylate, Tocopheryl Acetate, Chenopodium Quinoa Seed Oil Ethyl Esters, CI 17200, CI 14700, CI 42090, Sodium Chloride, Sodium Sulfate, Benzyl Salicylate, Coumarin, Pogostemon Cablin Oil, Linalyl Acetate, Hexamethylindanopyran, Tetramethyl Acetyloctahydronaphthalenes, Trimethylbenzenepropanol.<\/p>","protected":false},"excerpt":{"rendered":"<p>O \u00d3leo Corporal Nativa SPA Uva Merlot 200ml, de O Botic\u00e1rio, \u00e9 um \u00f3leo bif\u00e1sico hidratante que nutre profundamente a pele, deixando-a macia, luminosa e delicadamente perfumada. Enriquecido com \u00f3leo de quinoa e \u00f3leo de semente de uva, ajuda a manter a hidrata\u00e7\u00e3o natural, melhora a elasticidade e contribui para a preven\u00e7\u00e3o do ressecamento e [&hellip;]<\/p>","protected":false},"featured_media":10235,"comment_status":"open","ping_status":"closed","template":"","meta":{"_acf_changed":false,"_glsr_average":0,"_glsr_ranking":0,"_glsr_reviews":0},"product_brand":[],"product_cat":[40],"product_tag":[],"class_list":{"0":"post-10234","1":"product","2":"type-product","3":"status-publish","4":"has-post-thumbnail","6":"product_cat-beauty","8":"first","9":"instock","10":"taxable","11":"shipping-taxable","12":"purchasable","13":"product-type-simple"},"acf":[],"_links":{"self":[{"href":"https:\/\/mybrazil.co.uk\/en\/wp-json\/wp\/v2\/product\/10234","targetHints":{"allow":["GET"]}}],"collection":[{"href":"https:\/\/mybrazil.co.uk\/en\/wp-json\/wp\/v2\/product"}],"about":[{"href":"https:\/\/mybrazil.co.uk\/en\/wp-json\/wp\/v2\/types\/product"}],"replies":[{"embeddable":true,"href":"https:\/\/mybrazil.co.uk\/en\/wp-json\/wp\/v2\/comments?post=10234"}],"wp:featuredmedia":[{"embeddable":true,"href":"https:\/\/mybrazil.co.uk\/en\/wp-json\/wp\/v2\/media\/10235"}],"wp:attachment":[{"href":"https:\/\/mybrazil.co.uk\/en\/wp-json\/wp\/v2\/media?parent=10234"}],"wp:term":[{"taxonomy":"product_brand","embeddable":true,"href":"https:\/\/mybrazil.co.uk\/en\/wp-json\/wp\/v2\/product_brand?post=10234"},{"taxonomy":"product_cat","embeddable":true,"href":"https:\/\/mybrazil.co.uk\/en\/wp-json\/wp\/v2\/product_cat?post=10234"},{"taxonomy":"product_tag","embeddable":true,"href":"https:\/\/mybrazil.co.uk\/en\/wp-json\/wp\/v2\/product_tag?post=10234"}],"curies":[{"name":"wp","href":"https:\/\/api.w.org\/{rel}","templated":true}]}}