{"id":10231,"date":"2026-02-11T11:00:29","date_gmt":"2026-02-11T11:00:29","guid":{"rendered":"https:\/\/mybrazil.co.uk\/?post_type=product&#038;p=10231"},"modified":"2026-02-11T11:46:57","modified_gmt":"2026-02-11T11:46:57","slug":"creme-de-pentear-sophie-cachos-200ml-o-boticario","status":"publish","type":"product","link":"https:\/\/mybrazil.co.uk\/en\/shop\/creme-de-pentear-sophie-cachos-200ml-o-boticario\/","title":{"rendered":"Creme de Pentear Sophie Cachos 200ml &#8211; O Botic\u00e1rio"},"content":{"rendered":"<p>O Creme de Pentear Sophie Cachos 200ml, de O Botic\u00e1rio, foi desenvolvido especialmente para cuidar dos cabelos cacheados com suavidade e efici\u00eancia. Sua f\u00f3rmula vegana ajuda a desembara\u00e7ar os fios, reduzir o frizz e proporcionar cachos mais definidos, macios e brilhantes. Sem necessidade de enx\u00e1gue, facilita o momento de pentear e deixa os cabelos leves, hidratados e f\u00e1ceis de modelar. Ideal para o uso di\u00e1rio, pode ser combinado com outros produtos da linha Sophie para potencializar os resultados.<br \/>\n<strong data-start=\"47\" data-end=\"63\">Ingredients:<\/strong><br data-start=\"63\" data-end=\"66\" \/>Aqua (Water), Cetearyl Alcohol, Isopropyl Palmitate, Behentrimonium Chloride, Sorbitol, Butyrospermum Parkii Butter (Butyrodpermum paekii (Shea) Butter), Parfum (Fragrance), Isopropyl Alcohol, Phenoxyethanol, Sodium Benzoate, Polyquaternium-68, Polyurethane-39, Polyquaternium-10, Potassium Sorbate, Disodium EDTA, Panthenol, Sodium Hydroxide, Tocopheryl Acetate, Lactic Acid, Phenylpropanol, Propanediol, Caprylyl Glycol, Ethylhexylglycerin, Tocopherol.<\/p>","protected":false},"excerpt":{"rendered":"<p>O Creme de Pentear Sophie Cachos 200ml, de O Botic\u00e1rio, foi desenvolvido especialmente para cuidar dos cabelos cacheados com suavidade e efici\u00eancia. Sua f\u00f3rmula vegana ajuda a desembara\u00e7ar os fios, reduzir o frizz e proporcionar cachos mais definidos, macios e brilhantes. Sem necessidade de enx\u00e1gue, facilita o momento de pentear e deixa os cabelos leves, [&hellip;]<\/p>","protected":false},"featured_media":10233,"comment_status":"open","ping_status":"closed","template":"","meta":{"_acf_changed":false,"_glsr_average":0,"_glsr_ranking":0,"_glsr_reviews":0},"product_brand":[],"product_cat":[40],"product_tag":[],"class_list":{"0":"post-10231","1":"product","2":"type-product","3":"status-publish","4":"has-post-thumbnail","6":"product_cat-beauty","8":"first","9":"instock","10":"taxable","11":"shipping-taxable","12":"purchasable","13":"product-type-simple"},"acf":[],"_links":{"self":[{"href":"https:\/\/mybrazil.co.uk\/en\/wp-json\/wp\/v2\/product\/10231","targetHints":{"allow":["GET"]}}],"collection":[{"href":"https:\/\/mybrazil.co.uk\/en\/wp-json\/wp\/v2\/product"}],"about":[{"href":"https:\/\/mybrazil.co.uk\/en\/wp-json\/wp\/v2\/types\/product"}],"replies":[{"embeddable":true,"href":"https:\/\/mybrazil.co.uk\/en\/wp-json\/wp\/v2\/comments?post=10231"}],"wp:featuredmedia":[{"embeddable":true,"href":"https:\/\/mybrazil.co.uk\/en\/wp-json\/wp\/v2\/media\/10233"}],"wp:attachment":[{"href":"https:\/\/mybrazil.co.uk\/en\/wp-json\/wp\/v2\/media?parent=10231"}],"wp:term":[{"taxonomy":"product_brand","embeddable":true,"href":"https:\/\/mybrazil.co.uk\/en\/wp-json\/wp\/v2\/product_brand?post=10231"},{"taxonomy":"product_cat","embeddable":true,"href":"https:\/\/mybrazil.co.uk\/en\/wp-json\/wp\/v2\/product_cat?post=10231"},{"taxonomy":"product_tag","embeddable":true,"href":"https:\/\/mybrazil.co.uk\/en\/wp-json\/wp\/v2\/product_tag?post=10231"}],"curies":[{"name":"wp","href":"https:\/\/api.w.org\/{rel}","templated":true}]}}