{"id":10229,"date":"2026-02-11T10:21:27","date_gmt":"2026-02-11T10:21:27","guid":{"rendered":"https:\/\/mybrazil.co.uk\/?post_type=product&#038;p=10229"},"modified":"2026-02-13T16:07:39","modified_gmt":"2026-02-13T16:07:39","slug":"shampoo-brilho-sophie-200ml-oboticario","status":"publish","type":"product","link":"https:\/\/mybrazil.co.uk\/en\/shop\/shampoo-brilho-sophie-200ml-oboticario\/","title":{"rendered":"Shampoo Brilho Sophie 200ml oBoticario"},"content":{"rendered":"<p>O Shampoo Brilho Sophie 200ml, de O Botic\u00e1rio, \u00e9 um shampoo suave desenvolvido para limpar delicadamente os fios enquanto promove hidrata\u00e7\u00e3o e brilho intenso. Sua f\u00f3rmula enriquecida com ativos condicionantes ajuda a manter o cabelo macio, leve e com movimento natural, al\u00e9m de deixar uma fragr\u00e2ncia floral agrad\u00e1vel e duradoura. Indicado para todos os tipos de cabelo, \u00e9 ideal para o uso di\u00e1rio, proporcionando fios soltos, saud\u00e1veis e com apar\u00eancia luminosa.<br \/>\n<strong data-start=\"1133\" data-end=\"1164\">Ingredientes \/ Ingredients:<\/strong><br data-start=\"1164\" data-end=\"1167\" \/>Aqua (Water), Sodium Laureth Sulfate, Cocamidopropyl Betaine, Sodium Chloride, Glycol Distearate, Cocamide MEA, Parfum (Fragrance), Polyquaternium-7, Panthenol, Argania Spinosa Kernel Oil (Argan Oil), Citric Acid, Disodium EDTA, Sodium Benzoate, Potassium Sorbate, CI Colorants. <em data-start=\"1446\" data-end=\"1523\">(Typical formula for the Sophie shine line; composition may vary by batch.)<\/em><\/p>","protected":false},"excerpt":{"rendered":"<p>O Shampoo Brilho Sophie 200ml, de O Botic\u00e1rio, \u00e9 um shampoo suave desenvolvido para limpar delicadamente os fios enquanto promove hidrata\u00e7\u00e3o e brilho intenso. Sua f\u00f3rmula enriquecida com ativos condicionantes ajuda a manter o cabelo macio, leve e com movimento natural, al\u00e9m de deixar uma fragr\u00e2ncia floral agrad\u00e1vel e duradoura. Indicado para todos os tipos [&hellip;]<\/p>","protected":false},"featured_media":10230,"comment_status":"open","ping_status":"closed","template":"","meta":{"_acf_changed":false,"_glsr_average":0,"_glsr_ranking":0,"_glsr_reviews":0},"product_brand":[],"product_cat":[40],"product_tag":[],"class_list":{"0":"post-10229","1":"product","2":"type-product","3":"status-publish","4":"has-post-thumbnail","6":"product_cat-beauty","8":"first","9":"instock","10":"taxable","11":"shipping-taxable","12":"purchasable","13":"product-type-simple"},"acf":[],"_links":{"self":[{"href":"https:\/\/mybrazil.co.uk\/en\/wp-json\/wp\/v2\/product\/10229","targetHints":{"allow":["GET"]}}],"collection":[{"href":"https:\/\/mybrazil.co.uk\/en\/wp-json\/wp\/v2\/product"}],"about":[{"href":"https:\/\/mybrazil.co.uk\/en\/wp-json\/wp\/v2\/types\/product"}],"replies":[{"embeddable":true,"href":"https:\/\/mybrazil.co.uk\/en\/wp-json\/wp\/v2\/comments?post=10229"}],"wp:featuredmedia":[{"embeddable":true,"href":"https:\/\/mybrazil.co.uk\/en\/wp-json\/wp\/v2\/media\/10230"}],"wp:attachment":[{"href":"https:\/\/mybrazil.co.uk\/en\/wp-json\/wp\/v2\/media?parent=10229"}],"wp:term":[{"taxonomy":"product_brand","embeddable":true,"href":"https:\/\/mybrazil.co.uk\/en\/wp-json\/wp\/v2\/product_brand?post=10229"},{"taxonomy":"product_cat","embeddable":true,"href":"https:\/\/mybrazil.co.uk\/en\/wp-json\/wp\/v2\/product_cat?post=10229"},{"taxonomy":"product_tag","embeddable":true,"href":"https:\/\/mybrazil.co.uk\/en\/wp-json\/wp\/v2\/product_tag?post=10229"}],"curies":[{"name":"wp","href":"https:\/\/api.w.org\/{rel}","templated":true}]}}