{"id":10212,"date":"2026-02-09T13:14:31","date_gmt":"2026-02-09T13:14:31","guid":{"rendered":"https:\/\/mybrazil.co.uk\/?post_type=product&#038;p=10212"},"modified":"2026-04-04T15:49:26","modified_gmt":"2026-04-04T14:49:26","slug":"canela-em-rama-30g-dom-duarte","status":"publish","type":"product","link":"https:\/\/mybrazil.co.uk\/en\/shop\/canela-em-rama-30g-dom-duarte\/","title":{"rendered":"Canela em Rama 30g Dom duarte"},"content":{"rendered":"<p>A Canela em Rama Dom Duarte 30g \u00e9 uma especiaria natural de alta qualidade, obtida da casca selecionada da canela e apresentada em formato de pau para preservar melhor o aroma e o sabor. Com fragr\u00e2ncia doce e intensa, \u00e9 ideal para o preparo de ch\u00e1s, infus\u00f5es, sobremesas, bolos, arroz doce, compotas e tamb\u00e9m para dar um toque especial a pratos salgados e bebidas quentes como caf\u00e9 e vinho quente. Pr\u00e1tica e vers\u00e1til, \u00e9 um ingrediente indispens\u00e1vel na cozinha para quem busca sabor e aroma marcantes.<br \/>\nIngredientes \/ Ingredients: Canela em rama (casca seca de canela).<\/p>","protected":false},"excerpt":{"rendered":"<p>A Canela em Rama Dom Duarte 30g \u00e9 uma especiaria natural de alta qualidade, obtida da casca selecionada da canela e apresentada em formato de pau para preservar melhor o aroma e o sabor. Com fragr\u00e2ncia doce e intensa, \u00e9 ideal para o preparo de ch\u00e1s, infus\u00f5es, sobremesas, bolos, arroz doce, compotas e tamb\u00e9m para [&hellip;]<\/p>","protected":false},"featured_media":10213,"comment_status":"open","ping_status":"closed","template":"","meta":{"_acf_changed":false,"_glsr_average":0,"_glsr_ranking":0,"_glsr_reviews":0},"product_brand":[],"product_cat":[93,81,43],"product_tag":[],"class_list":{"0":"post-10212","1":"product","2":"type-product","3":"status-publish","4":"has-post-thumbnail","6":"product_cat-chas-ervas","7":"product_cat-grocery-2","8":"product_cat-grocery","10":"first","11":"instock","12":"taxable","13":"shipping-taxable","14":"purchasable","15":"product-type-simple"},"acf":[],"_links":{"self":[{"href":"https:\/\/mybrazil.co.uk\/en\/wp-json\/wp\/v2\/product\/10212","targetHints":{"allow":["GET"]}}],"collection":[{"href":"https:\/\/mybrazil.co.uk\/en\/wp-json\/wp\/v2\/product"}],"about":[{"href":"https:\/\/mybrazil.co.uk\/en\/wp-json\/wp\/v2\/types\/product"}],"replies":[{"embeddable":true,"href":"https:\/\/mybrazil.co.uk\/en\/wp-json\/wp\/v2\/comments?post=10212"}],"wp:featuredmedia":[{"embeddable":true,"href":"https:\/\/mybrazil.co.uk\/en\/wp-json\/wp\/v2\/media\/10213"}],"wp:attachment":[{"href":"https:\/\/mybrazil.co.uk\/en\/wp-json\/wp\/v2\/media?parent=10212"}],"wp:term":[{"taxonomy":"product_brand","embeddable":true,"href":"https:\/\/mybrazil.co.uk\/en\/wp-json\/wp\/v2\/product_brand?post=10212"},{"taxonomy":"product_cat","embeddable":true,"href":"https:\/\/mybrazil.co.uk\/en\/wp-json\/wp\/v2\/product_cat?post=10212"},{"taxonomy":"product_tag","embeddable":true,"href":"https:\/\/mybrazil.co.uk\/en\/wp-json\/wp\/v2\/product_tag?post=10212"}],"curies":[{"name":"wp","href":"https:\/\/api.w.org\/{rel}","templated":true}]}}