{"id":10210,"date":"2026-02-09T13:07:47","date_gmt":"2026-02-09T13:07:47","guid":{"rendered":"https:\/\/mybrazil.co.uk\/?post_type=product&#038;p=10210"},"modified":"2026-03-22T11:23:39","modified_gmt":"2026-03-22T11:23:39","slug":"xarope-sabor-groselha-900ml-wilson","status":"publish","type":"product","link":"https:\/\/mybrazil.co.uk\/en\/shop\/xarope-sabor-groselha-900ml-wilson\/","title":{"rendered":"Xarope sabor Groselha 900ml Wilson"},"content":{"rendered":"<p>O <strong data-start=\"157\" data-end=\"195\">Xarope Sabor Groselha Wilson 900ml<\/strong> \u00e9 um concentrado de sabor intenso e cor vibrante, ideal para preparar bebidas refrescantes e dar um toque especial a receitas. Perfeito para dilui\u00e7\u00e3o em \u00e1gua, preparo de sucos, coquet\u00e9is, raspadinhas, sobremesas e drinks, oferece alto rendimento e praticidade no dia a dia. Sua f\u00f3rmula concentrada garante sabor marcante e excelente custo-benef\u00edcio, sendo uma \u00f3tima op\u00e7\u00e3o para uso dom\u00e9stico ou comercial.<br \/>\nIngredientes \/ Ingredients:<br data-start=\"1094\" data-end=\"1097\" \/>A\u00e7\u00facar, xarope de glicose, \u00e1gua, acidulante \u00e1cido c\u00edtrico (INS 330), corante caramelo III (INS 150c), aroma artificial de groselha, conservador benzoato de s\u00f3dio (INS 211), corante artificial Bordeaux S (INS 123). N\u00e3o cont\u00e9m gl\u00faten.<\/p>","protected":false},"excerpt":{"rendered":"<p>O Xarope Sabor Groselha Wilson 900ml \u00e9 um concentrado de sabor intenso e cor vibrante, ideal para preparar bebidas refrescantes e dar um toque especial a receitas. Perfeito para dilui\u00e7\u00e3o em \u00e1gua, preparo de sucos, coquet\u00e9is, raspadinhas, sobremesas e drinks, oferece alto rendimento e praticidade no dia a dia. Sua f\u00f3rmula concentrada garante sabor marcante [&hellip;]<\/p>","protected":false},"featured_media":10211,"comment_status":"open","ping_status":"closed","template":"","meta":{"_acf_changed":false,"_glsr_average":0,"_glsr_ranking":0,"_glsr_reviews":0},"product_brand":[],"product_cat":[42,91],"product_tag":[],"class_list":{"0":"post-10210","1":"product","2":"type-product","3":"status-publish","4":"has-post-thumbnail","6":"product_cat-drink","7":"product_cat-sucos","9":"first","10":"instock","11":"taxable","12":"shipping-taxable","13":"purchasable","14":"product-type-simple"},"acf":[],"_links":{"self":[{"href":"https:\/\/mybrazil.co.uk\/en\/wp-json\/wp\/v2\/product\/10210","targetHints":{"allow":["GET"]}}],"collection":[{"href":"https:\/\/mybrazil.co.uk\/en\/wp-json\/wp\/v2\/product"}],"about":[{"href":"https:\/\/mybrazil.co.uk\/en\/wp-json\/wp\/v2\/types\/product"}],"replies":[{"embeddable":true,"href":"https:\/\/mybrazil.co.uk\/en\/wp-json\/wp\/v2\/comments?post=10210"}],"wp:featuredmedia":[{"embeddable":true,"href":"https:\/\/mybrazil.co.uk\/en\/wp-json\/wp\/v2\/media\/10211"}],"wp:attachment":[{"href":"https:\/\/mybrazil.co.uk\/en\/wp-json\/wp\/v2\/media?parent=10210"}],"wp:term":[{"taxonomy":"product_brand","embeddable":true,"href":"https:\/\/mybrazil.co.uk\/en\/wp-json\/wp\/v2\/product_brand?post=10210"},{"taxonomy":"product_cat","embeddable":true,"href":"https:\/\/mybrazil.co.uk\/en\/wp-json\/wp\/v2\/product_cat?post=10210"},{"taxonomy":"product_tag","embeddable":true,"href":"https:\/\/mybrazil.co.uk\/en\/wp-json\/wp\/v2\/product_tag?post=10210"}],"curies":[{"name":"wp","href":"https:\/\/api.w.org\/{rel}","templated":true}]}}