{"id":10201,"date":"2026-02-06T17:24:21","date_gmt":"2026-02-06T17:24:21","guid":{"rendered":"https:\/\/mybrazil.co.uk\/?post_type=product&#038;p=10201"},"modified":"2026-04-15T10:40:23","modified_gmt":"2026-04-15T09:40:23","slug":"pacoquinha-cremosa-dadinho-160g","status":"publish","type":"product","link":"https:\/\/mybrazil.co.uk\/en\/shop\/pacoquinha-cremosa-dadinho-160g\/","title":{"rendered":"Pacoquinha cremosa -Dadinho 160g"},"content":{"rendered":"<p><strong data-start=\"323\" data-end=\"361\">Pa\u00e7oquinha Cremosa \u2013 Dadinho 160 g<\/strong> \u00e9 um doce t\u00edpico brasileiro feito com amendoim torrado e mo\u00eddo, a\u00e7\u00facar e um toque de sal, resultando numa textura cremosa e sabor marcante. Cada embalagem cont\u00e9m aproximadamente <strong data-start=\"540\" data-end=\"554\">8 unidades<\/strong> de pa\u00e7oquinha com sabor equilibrado de amendoim, ideal para lanches, sobremesas ou petiscos saborosos em qualquer hora do dia. Perfeita para quem ama doces tradicionais com um toque suave e cremoso da cl\u00e1ssica pa\u00e7oquinha Dadinho.<\/p>","protected":false},"excerpt":{"rendered":"<p>Pa\u00e7oquinha Cremosa \u2013 Dadinho 160 g \u00e9 um doce t\u00edpico brasileiro feito com amendoim torrado e mo\u00eddo, a\u00e7\u00facar e um toque de sal, resultando numa textura cremosa e sabor marcante. Cada embalagem cont\u00e9m aproximadamente 8 unidades de pa\u00e7oquinha com sabor equilibrado de amendoim, ideal para lanches, sobremesas ou petiscos saborosos em qualquer hora do dia. [&hellip;]<\/p>","protected":false},"featured_media":10202,"comment_status":"open","ping_status":"closed","template":"","meta":{"_acf_changed":false,"_glsr_average":0,"_glsr_ranking":0,"_glsr_reviews":0},"product_brand":[],"product_cat":[46],"product_tag":[],"class_list":{"0":"post-10201","1":"product","2":"type-product","3":"status-publish","4":"has-post-thumbnail","6":"product_cat-sweets","8":"first","9":"instock","10":"taxable","11":"shipping-taxable","12":"purchasable","13":"product-type-simple"},"acf":[],"_links":{"self":[{"href":"https:\/\/mybrazil.co.uk\/en\/wp-json\/wp\/v2\/product\/10201","targetHints":{"allow":["GET"]}}],"collection":[{"href":"https:\/\/mybrazil.co.uk\/en\/wp-json\/wp\/v2\/product"}],"about":[{"href":"https:\/\/mybrazil.co.uk\/en\/wp-json\/wp\/v2\/types\/product"}],"replies":[{"embeddable":true,"href":"https:\/\/mybrazil.co.uk\/en\/wp-json\/wp\/v2\/comments?post=10201"}],"wp:featuredmedia":[{"embeddable":true,"href":"https:\/\/mybrazil.co.uk\/en\/wp-json\/wp\/v2\/media\/10202"}],"wp:attachment":[{"href":"https:\/\/mybrazil.co.uk\/en\/wp-json\/wp\/v2\/media?parent=10201"}],"wp:term":[{"taxonomy":"product_brand","embeddable":true,"href":"https:\/\/mybrazil.co.uk\/en\/wp-json\/wp\/v2\/product_brand?post=10201"},{"taxonomy":"product_cat","embeddable":true,"href":"https:\/\/mybrazil.co.uk\/en\/wp-json\/wp\/v2\/product_cat?post=10201"},{"taxonomy":"product_tag","embeddable":true,"href":"https:\/\/mybrazil.co.uk\/en\/wp-json\/wp\/v2\/product_tag?post=10201"}],"curies":[{"name":"wp","href":"https:\/\/api.w.org\/{rel}","templated":true}]}}