{"id":10199,"date":"2026-02-06T16:28:15","date_gmt":"2026-02-06T16:28:15","guid":{"rendered":"https:\/\/mybrazil.co.uk\/?post_type=product&#038;p=10199"},"modified":"2026-04-15T12:06:56","modified_gmt":"2026-04-15T11:06:56","slug":"doce-de-abobora-com-coco-250g-val","status":"publish","type":"product","link":"https:\/\/mybrazil.co.uk\/en\/shop\/doce-de-abobora-com-coco-250g-val\/","title":{"rendered":"Doce de Abobora com Coco 250g Val"},"content":{"rendered":"<p><strong data-start=\"363\" data-end=\"403\">Doce de Ab\u00f3bora com Coco 250 g \u2013 Val<\/strong> \u00e9 uma sobremesa tradicional brasileira que combina a do\u00e7ura natural da ab\u00f3bora com peda\u00e7os de coco ralado, resultando em um sabor rico e tropical. Com textura macia e levemente fibrosa, este doce \u00e9 perfeito para servir com torradas, p\u00e3es, queijos frescos ou iogurte, al\u00e9m de ser uma op\u00e7\u00e3o deliciosa para sobremesa ap\u00f3s as refei\u00e7\u00f5es. Ideal para quem aprecia sabores cl\u00e1ssicos e a combina\u00e7\u00e3o aut\u00eantica de ab\u00f3bora e coco.<\/p>","protected":false},"excerpt":{"rendered":"<p>Doce de Ab\u00f3bora com Coco 250 g \u2013 Val \u00e9 uma sobremesa tradicional brasileira que combina a do\u00e7ura natural da ab\u00f3bora com peda\u00e7os de coco ralado, resultando em um sabor rico e tropical. Com textura macia e levemente fibrosa, este doce \u00e9 perfeito para servir com torradas, p\u00e3es, queijos frescos ou iogurte, al\u00e9m de ser [&hellip;]<\/p>","protected":false},"featured_media":10200,"comment_status":"open","ping_status":"closed","template":"","meta":{"_acf_changed":false,"_glsr_average":0,"_glsr_ranking":0,"_glsr_reviews":0},"product_brand":[],"product_cat":[46],"product_tag":[],"class_list":{"0":"post-10199","1":"product","2":"type-product","3":"status-publish","4":"has-post-thumbnail","6":"product_cat-sweets","8":"first","9":"instock","10":"taxable","11":"shipping-taxable","12":"purchasable","13":"product-type-simple"},"acf":[],"_links":{"self":[{"href":"https:\/\/mybrazil.co.uk\/en\/wp-json\/wp\/v2\/product\/10199","targetHints":{"allow":["GET"]}}],"collection":[{"href":"https:\/\/mybrazil.co.uk\/en\/wp-json\/wp\/v2\/product"}],"about":[{"href":"https:\/\/mybrazil.co.uk\/en\/wp-json\/wp\/v2\/types\/product"}],"replies":[{"embeddable":true,"href":"https:\/\/mybrazil.co.uk\/en\/wp-json\/wp\/v2\/comments?post=10199"}],"wp:featuredmedia":[{"embeddable":true,"href":"https:\/\/mybrazil.co.uk\/en\/wp-json\/wp\/v2\/media\/10200"}],"wp:attachment":[{"href":"https:\/\/mybrazil.co.uk\/en\/wp-json\/wp\/v2\/media?parent=10199"}],"wp:term":[{"taxonomy":"product_brand","embeddable":true,"href":"https:\/\/mybrazil.co.uk\/en\/wp-json\/wp\/v2\/product_brand?post=10199"},{"taxonomy":"product_cat","embeddable":true,"href":"https:\/\/mybrazil.co.uk\/en\/wp-json\/wp\/v2\/product_cat?post=10199"},{"taxonomy":"product_tag","embeddable":true,"href":"https:\/\/mybrazil.co.uk\/en\/wp-json\/wp\/v2\/product_tag?post=10199"}],"curies":[{"name":"wp","href":"https:\/\/api.w.org\/{rel}","templated":true}]}}