{"id":10100,"date":"2026-01-23T14:53:52","date_gmt":"2026-01-23T14:53:52","guid":{"rendered":"https:\/\/mybrazil.co.uk\/?post_type=product&#038;p=10100"},"modified":"2026-01-23T18:12:19","modified_gmt":"2026-01-23T18:12:19","slug":"mao-de-vaca-com-grao-420g-nobre","status":"publish","type":"product","link":"https:\/\/mybrazil.co.uk\/en\/shop\/mao-de-vaca-com-grao-420g-nobre\/","title":{"rendered":"Mao de Vaca com grao 420g Nobre"},"content":{"rendered":"<p><strong data-start=\"595\" data-end=\"631\">M\u00e3o de Vaca com Gr\u00e3o Nobre 420 g<\/strong> \u00e9 uma refei\u00e7\u00e3o tradicional portuguesa pronta a consumir, combinando peda\u00e7os suculentos de carne de vaca com gr\u00e3o-de-bico cozido e legumes em caldo saboroso. Pr\u00e1tico e reconfortante, este prato t\u00edpico traz o sabor da comida caseira num formato simples \u2014 ideal para almo\u00e7o ou jantar quando quer uma refei\u00e7\u00e3o nutritiva e cheia de sabor sem ter de cozinhar por horas. Aquecer e servir em poucos minutos traz conveni\u00eancia sem comprometer o paladar.<\/p>","protected":false},"excerpt":{"rendered":"<p>M\u00e3o de Vaca com Gr\u00e3o Nobre 420 g \u00e9 uma refei\u00e7\u00e3o tradicional portuguesa pronta a consumir, combinando peda\u00e7os suculentos de carne de vaca com gr\u00e3o-de-bico cozido e legumes em caldo saboroso. Pr\u00e1tico e reconfortante, este prato t\u00edpico traz o sabor da comida caseira num formato simples \u2014 ideal para almo\u00e7o ou jantar quando quer uma [&hellip;]<\/p>","protected":false},"featured_media":10101,"comment_status":"open","ping_status":"closed","template":"","meta":{"_acf_changed":false,"_glsr_average":0,"_glsr_ranking":0,"_glsr_reviews":0},"product_brand":[],"product_cat":[94,43],"product_tag":[],"class_list":{"0":"post-10100","1":"product","2":"type-product","3":"status-publish","4":"has-post-thumbnail","6":"product_cat-graos-farinhacos","7":"product_cat-grocery","9":"first","10":"instock","11":"taxable","12":"shipping-taxable","13":"purchasable","14":"product-type-simple"},"acf":[],"_links":{"self":[{"href":"https:\/\/mybrazil.co.uk\/en\/wp-json\/wp\/v2\/product\/10100","targetHints":{"allow":["GET"]}}],"collection":[{"href":"https:\/\/mybrazil.co.uk\/en\/wp-json\/wp\/v2\/product"}],"about":[{"href":"https:\/\/mybrazil.co.uk\/en\/wp-json\/wp\/v2\/types\/product"}],"replies":[{"embeddable":true,"href":"https:\/\/mybrazil.co.uk\/en\/wp-json\/wp\/v2\/comments?post=10100"}],"wp:featuredmedia":[{"embeddable":true,"href":"https:\/\/mybrazil.co.uk\/en\/wp-json\/wp\/v2\/media\/10101"}],"wp:attachment":[{"href":"https:\/\/mybrazil.co.uk\/en\/wp-json\/wp\/v2\/media?parent=10100"}],"wp:term":[{"taxonomy":"product_brand","embeddable":true,"href":"https:\/\/mybrazil.co.uk\/en\/wp-json\/wp\/v2\/product_brand?post=10100"},{"taxonomy":"product_cat","embeddable":true,"href":"https:\/\/mybrazil.co.uk\/en\/wp-json\/wp\/v2\/product_cat?post=10100"},{"taxonomy":"product_tag","embeddable":true,"href":"https:\/\/mybrazil.co.uk\/en\/wp-json\/wp\/v2\/product_tag?post=10100"}],"curies":[{"name":"wp","href":"https:\/\/api.w.org\/{rel}","templated":true}]}}