{"id":10097,"date":"2026-01-23T12:26:15","date_gmt":"2026-01-23T12:26:15","guid":{"rendered":"https:\/\/mybrazil.co.uk\/?post_type=product&#038;p=10097"},"modified":"2026-04-01T11:28:44","modified_gmt":"2026-04-01T10:28:44","slug":"agua-pedras-tangerina-250ml","status":"publish","type":"product","link":"https:\/\/mybrazil.co.uk\/en\/shop\/agua-pedras-tangerina-250ml\/","title":{"rendered":"Agua Pedras Tangerina 250ml"},"content":{"rendered":"<p><strong data-start=\"327\" data-end=\"377\">\u00c1gua das Pedras com G\u00e1s Sabor Tangerina 250 ml<\/strong> \u00e9 uma bebida refrescante e leve produzida com \u00e1gua mineral natural gaseificada da fonte <em data-start=\"466\" data-end=\"483\">Pedras Salgadas<\/em>, combinada com um toque c\u00edtrico suave de tangerina. Perfeita para acompanhar refei\u00e7\u00f5es, relaxar no dia a dia ou servir gelada em momentos de calor, esta \u00e1gua saborizada oferece um sabor natural e equilibrado, sem adi\u00e7\u00e3o de corantes ou conservantes.<\/p>","protected":false},"excerpt":{"rendered":"<p>\u00c1gua das Pedras com G\u00e1s Sabor Tangerina 250 ml \u00e9 uma bebida refrescante e leve produzida com \u00e1gua mineral natural gaseificada da fonte Pedras Salgadas, combinada com um toque c\u00edtrico suave de tangerina. Perfeita para acompanhar refei\u00e7\u00f5es, relaxar no dia a dia ou servir gelada em momentos de calor, esta \u00e1gua saborizada oferece um sabor [&hellip;]<\/p>","protected":false},"featured_media":10098,"comment_status":"open","ping_status":"closed","template":"","meta":{"_acf_changed":false,"_glsr_average":0,"_glsr_ranking":0,"_glsr_reviews":0},"product_brand":[],"product_cat":[42,91],"product_tag":[],"class_list":{"0":"post-10097","1":"product","2":"type-product","3":"status-publish","4":"has-post-thumbnail","6":"product_cat-drink","7":"product_cat-sucos","9":"first","10":"instock","11":"taxable","12":"shipping-taxable","13":"purchasable","14":"product-type-simple"},"acf":[],"_links":{"self":[{"href":"https:\/\/mybrazil.co.uk\/en\/wp-json\/wp\/v2\/product\/10097","targetHints":{"allow":["GET"]}}],"collection":[{"href":"https:\/\/mybrazil.co.uk\/en\/wp-json\/wp\/v2\/product"}],"about":[{"href":"https:\/\/mybrazil.co.uk\/en\/wp-json\/wp\/v2\/types\/product"}],"replies":[{"embeddable":true,"href":"https:\/\/mybrazil.co.uk\/en\/wp-json\/wp\/v2\/comments?post=10097"}],"wp:featuredmedia":[{"embeddable":true,"href":"https:\/\/mybrazil.co.uk\/en\/wp-json\/wp\/v2\/media\/10098"}],"wp:attachment":[{"href":"https:\/\/mybrazil.co.uk\/en\/wp-json\/wp\/v2\/media?parent=10097"}],"wp:term":[{"taxonomy":"product_brand","embeddable":true,"href":"https:\/\/mybrazil.co.uk\/en\/wp-json\/wp\/v2\/product_brand?post=10097"},{"taxonomy":"product_cat","embeddable":true,"href":"https:\/\/mybrazil.co.uk\/en\/wp-json\/wp\/v2\/product_cat?post=10097"},{"taxonomy":"product_tag","embeddable":true,"href":"https:\/\/mybrazil.co.uk\/en\/wp-json\/wp\/v2\/product_tag?post=10097"}],"curies":[{"name":"wp","href":"https:\/\/api.w.org\/{rel}","templated":true}]}}