{"id":10094,"date":"2026-01-23T12:20:18","date_gmt":"2026-01-23T12:20:18","guid":{"rendered":"https:\/\/mybrazil.co.uk\/?post_type=product&#038;p=10094"},"modified":"2026-04-20T14:37:50","modified_gmt":"2026-04-20T13:37:50","slug":"doce-de-mocoto-140g-mocoforte","status":"publish","type":"product","link":"https:\/\/mybrazil.co.uk\/en\/shop\/doce-de-mocoto-140g-mocoforte\/","title":{"rendered":"Doce de Mocoto 140g Mocoforte"},"content":{"rendered":"<p><strong data-start=\"441\" data-end=\"475\">Doce de Mocot\u00f3 Mocoforte 140 g<\/strong> \u00e9 uma sobremesa em geleia inspirada no cl\u00e1ssico sabor brasileiro, com textura macia, cor rosa e branco, e sabor doce que lembra baunilha e morango. Produzido com ingredientes selecionados, este doce \u00e9 perfeito para quem busca um snack doce e reconfortante, ideal para acompanhar caf\u00e9, ch\u00e1 ou sobremesas geladas. Produto tradicional, sem gl\u00faten e pronto para consumir a qualquer momento.<\/p>","protected":false},"excerpt":{"rendered":"<p>Doce de Mocot\u00f3 Mocoforte 140 g \u00e9 uma sobremesa em geleia inspirada no cl\u00e1ssico sabor brasileiro, com textura macia, cor rosa e branco, e sabor doce que lembra baunilha e morango. Produzido com ingredientes selecionados, este doce \u00e9 perfeito para quem busca um snack doce e reconfortante, ideal para acompanhar caf\u00e9, ch\u00e1 ou sobremesas geladas. [&hellip;]<\/p>","protected":false},"featured_media":10095,"comment_status":"open","ping_status":"closed","template":"","meta":{"_acf_changed":false,"_glsr_average":0,"_glsr_ranking":0,"_glsr_reviews":0},"product_brand":[],"product_cat":[46,43],"product_tag":[],"class_list":{"0":"post-10094","1":"product","2":"type-product","3":"status-publish","4":"has-post-thumbnail","6":"product_cat-sweets","7":"product_cat-grocery","9":"first","10":"instock","11":"taxable","12":"shipping-taxable","13":"purchasable","14":"product-type-simple"},"acf":[],"_links":{"self":[{"href":"https:\/\/mybrazil.co.uk\/en\/wp-json\/wp\/v2\/product\/10094","targetHints":{"allow":["GET"]}}],"collection":[{"href":"https:\/\/mybrazil.co.uk\/en\/wp-json\/wp\/v2\/product"}],"about":[{"href":"https:\/\/mybrazil.co.uk\/en\/wp-json\/wp\/v2\/types\/product"}],"replies":[{"embeddable":true,"href":"https:\/\/mybrazil.co.uk\/en\/wp-json\/wp\/v2\/comments?post=10094"}],"wp:featuredmedia":[{"embeddable":true,"href":"https:\/\/mybrazil.co.uk\/en\/wp-json\/wp\/v2\/media\/10095"}],"wp:attachment":[{"href":"https:\/\/mybrazil.co.uk\/en\/wp-json\/wp\/v2\/media?parent=10094"}],"wp:term":[{"taxonomy":"product_brand","embeddable":true,"href":"https:\/\/mybrazil.co.uk\/en\/wp-json\/wp\/v2\/product_brand?post=10094"},{"taxonomy":"product_cat","embeddable":true,"href":"https:\/\/mybrazil.co.uk\/en\/wp-json\/wp\/v2\/product_cat?post=10094"},{"taxonomy":"product_tag","embeddable":true,"href":"https:\/\/mybrazil.co.uk\/en\/wp-json\/wp\/v2\/product_tag?post=10094"}],"curies":[{"name":"wp","href":"https:\/\/api.w.org\/{rel}","templated":true}]}}