{"id":10087,"date":"2026-01-22T18:03:02","date_gmt":"2026-01-22T18:03:02","guid":{"rendered":"https:\/\/mybrazil.co.uk\/?post_type=product&#038;p=10087"},"modified":"2026-04-04T10:26:53","modified_gmt":"2026-04-04T09:26:53","slug":"gelatina-morango-30-acucar-114g-condi","status":"publish","type":"product","link":"https:\/\/mybrazil.co.uk\/en\/shop\/gelatina-morango-30-acucar-114g-condi\/","title":{"rendered":"Gelatina Morango &#8211; 30% acucar 114g Condi"},"content":{"rendered":"<p><strong data-start=\"310\" data-end=\"367\">Gelatina Sabor Morango \u2013 30% Menos A\u00e7\u00facar 114 g Condi<\/strong> \u00e9 um preparado em p\u00f3 para sobremesa gelificada com sabor frutado de morango e <strong data-start=\"446\" data-end=\"474\">redu\u00e7\u00e3o de 30% de a\u00e7\u00facar<\/strong> comparada \u00e0 vers\u00e3o tradicional, ideal para quem busca uma op\u00e7\u00e3o mais leve de sobremesa. F\u00e1cil de preparar, basta dissolver o conte\u00fado do pacote em \u00e1gua quente e completar com \u00e1gua fria antes de refrigerar at\u00e9 firmar. Perfeita como sobremesa refrescante, acompanhamento de frutas ou lanche doce, \u00e9 sem gl\u00faten e vers\u00e1til para o seu dia a dia.<\/p>","protected":false},"excerpt":{"rendered":"<p>Gelatina Sabor Morango \u2013 30% Menos A\u00e7\u00facar 114 g Condi \u00e9 um preparado em p\u00f3 para sobremesa gelificada com sabor frutado de morango e redu\u00e7\u00e3o de 30% de a\u00e7\u00facar comparada \u00e0 vers\u00e3o tradicional, ideal para quem busca uma op\u00e7\u00e3o mais leve de sobremesa. F\u00e1cil de preparar, basta dissolver o conte\u00fado do pacote em \u00e1gua quente [&hellip;]<\/p>","protected":false},"featured_media":10099,"comment_status":"open","ping_status":"closed","template":"","meta":{"_acf_changed":false,"_glsr_average":0,"_glsr_ranking":0,"_glsr_reviews":0},"product_brand":[],"product_cat":[110,43],"product_tag":[],"class_list":{"0":"post-10087","1":"product","2":"type-product","3":"status-publish","4":"has-post-thumbnail","6":"product_cat-gelatinas","7":"product_cat-grocery","9":"first","10":"instock","11":"taxable","12":"shipping-taxable","13":"purchasable","14":"product-type-simple"},"acf":[],"_links":{"self":[{"href":"https:\/\/mybrazil.co.uk\/en\/wp-json\/wp\/v2\/product\/10087","targetHints":{"allow":["GET"]}}],"collection":[{"href":"https:\/\/mybrazil.co.uk\/en\/wp-json\/wp\/v2\/product"}],"about":[{"href":"https:\/\/mybrazil.co.uk\/en\/wp-json\/wp\/v2\/types\/product"}],"replies":[{"embeddable":true,"href":"https:\/\/mybrazil.co.uk\/en\/wp-json\/wp\/v2\/comments?post=10087"}],"wp:featuredmedia":[{"embeddable":true,"href":"https:\/\/mybrazil.co.uk\/en\/wp-json\/wp\/v2\/media\/10099"}],"wp:attachment":[{"href":"https:\/\/mybrazil.co.uk\/en\/wp-json\/wp\/v2\/media?parent=10087"}],"wp:term":[{"taxonomy":"product_brand","embeddable":true,"href":"https:\/\/mybrazil.co.uk\/en\/wp-json\/wp\/v2\/product_brand?post=10087"},{"taxonomy":"product_cat","embeddable":true,"href":"https:\/\/mybrazil.co.uk\/en\/wp-json\/wp\/v2\/product_cat?post=10087"},{"taxonomy":"product_tag","embeddable":true,"href":"https:\/\/mybrazil.co.uk\/en\/wp-json\/wp\/v2\/product_tag?post=10087"}],"curies":[{"name":"wp","href":"https:\/\/api.w.org\/{rel}","templated":true}]}}