{"id":10080,"date":"2026-01-22T15:24:17","date_gmt":"2026-01-22T15:24:17","guid":{"rendered":"https:\/\/mybrazil.co.uk\/?post_type=product&#038;p=10080"},"modified":"2026-03-05T13:13:08","modified_gmt":"2026-03-05T13:13:08","slug":"gelatina-frutos-do-bosque-30-menos-acucar-114-g-condi","status":"publish","type":"product","link":"https:\/\/mybrazil.co.uk\/en\/shop\/gelatina-frutos-do-bosque-30-menos-acucar-114-g-condi\/","title":{"rendered":"Gelatina Frutos do Bosque \u2013 30% menos a\u00e7\u00facar 114 g Condi"},"content":{"rendered":"<p><strong data-start=\"344\" data-end=\"404\">Gelatina Frutos do Bosque \u2013 30% menos a\u00e7\u00facar 114 g Condi<\/strong> \u00e9 um preparado em p\u00f3 para gelatina com sabor frutado de frutos do bosque e com <strong data-start=\"484\" data-end=\"514\">redu\u00e7\u00e3o de 30% de a\u00e7\u00facares<\/strong> em compara\u00e7\u00e3o com a vers\u00e3o tradicional, ideal para quem gosta de sobremesas gelatinosas mais leves e saborosas. F\u00e1cil de preparar, basta dissolver em \u00e1gua quente e complet\u00e1-la com \u00e1gua fria antes de refrigerar at\u00e9 firmar. Perfeita como sobremesa refrescante, op\u00e7\u00e3o de snack doce ou complemento em receitas de sobremesas frias. Produto sem gl\u00faten e vers\u00e1til para diferentes ocasi\u00f5es.<\/p>","protected":false},"excerpt":{"rendered":"<p>Gelatina Frutos do Bosque \u2013 30% menos a\u00e7\u00facar 114 g Condi \u00e9 um preparado em p\u00f3 para gelatina com sabor frutado de frutos do bosque e com redu\u00e7\u00e3o de 30% de a\u00e7\u00facares em compara\u00e7\u00e3o com a vers\u00e3o tradicional, ideal para quem gosta de sobremesas gelatinosas mais leves e saborosas. F\u00e1cil de preparar, basta dissolver em [&hellip;]<\/p>","protected":false},"featured_media":10081,"comment_status":"open","ping_status":"closed","template":"","meta":{"_acf_changed":false,"_glsr_average":0,"_glsr_ranking":0,"_glsr_reviews":0},"product_brand":[],"product_cat":[110,43],"product_tag":[],"class_list":{"0":"post-10080","1":"product","2":"type-product","3":"status-publish","4":"has-post-thumbnail","6":"product_cat-gelatinas","7":"product_cat-grocery","9":"first","10":"instock","11":"taxable","12":"shipping-taxable","13":"purchasable","14":"product-type-simple"},"acf":[],"_links":{"self":[{"href":"https:\/\/mybrazil.co.uk\/en\/wp-json\/wp\/v2\/product\/10080","targetHints":{"allow":["GET"]}}],"collection":[{"href":"https:\/\/mybrazil.co.uk\/en\/wp-json\/wp\/v2\/product"}],"about":[{"href":"https:\/\/mybrazil.co.uk\/en\/wp-json\/wp\/v2\/types\/product"}],"replies":[{"embeddable":true,"href":"https:\/\/mybrazil.co.uk\/en\/wp-json\/wp\/v2\/comments?post=10080"}],"wp:featuredmedia":[{"embeddable":true,"href":"https:\/\/mybrazil.co.uk\/en\/wp-json\/wp\/v2\/media\/10081"}],"wp:attachment":[{"href":"https:\/\/mybrazil.co.uk\/en\/wp-json\/wp\/v2\/media?parent=10080"}],"wp:term":[{"taxonomy":"product_brand","embeddable":true,"href":"https:\/\/mybrazil.co.uk\/en\/wp-json\/wp\/v2\/product_brand?post=10080"},{"taxonomy":"product_cat","embeddable":true,"href":"https:\/\/mybrazil.co.uk\/en\/wp-json\/wp\/v2\/product_cat?post=10080"},{"taxonomy":"product_tag","embeddable":true,"href":"https:\/\/mybrazil.co.uk\/en\/wp-json\/wp\/v2\/product_tag?post=10080"}],"curies":[{"name":"wp","href":"https:\/\/api.w.org\/{rel}","templated":true}]}}