{"id":10056,"date":"2026-01-19T11:38:56","date_gmt":"2026-01-19T11:38:56","guid":{"rendered":"https:\/\/mybrazil.co.uk\/?post_type=product&#038;p=10056"},"modified":"2026-04-17T12:54:56","modified_gmt":"2026-04-17T11:54:56","slug":"mistura-para-bolo-de-coco-400g-renata","status":"publish","type":"product","link":"https:\/\/mybrazil.co.uk\/en\/shop\/mistura-para-bolo-de-coco-400g-renata\/","title":{"rendered":"Mistura para bolo de Coco 400g Renata"},"content":{"rendered":"<p><strong data-start=\"241\" data-end=\"283\">Mistura para Bolo de Coco 400 g Renata<\/strong> \u00e9 um preparado pronto para uso que facilita o preparo de um bolo fofinho e delicioso com sabor tropical de coco. Com ingredientes secos selecionados, esta mistura garante uma massa leve e aerada que combina perfeitamente com coberturas e complementos, ideal para sobremesas, lanche da tarde ou caf\u00e9 da manh\u00e3. Basta adicionar ovos, leite e margarina conforme instru\u00e7\u00f5es da embalagem para obter um bolo caseiro cheio de sabor e textura macia.<\/p>","protected":false},"excerpt":{"rendered":"<p>Mistura para Bolo de Coco 400 g Renata \u00e9 um preparado pronto para uso que facilita o preparo de um bolo fofinho e delicioso com sabor tropical de coco. Com ingredientes secos selecionados, esta mistura garante uma massa leve e aerada que combina perfeitamente com coberturas e complementos, ideal para sobremesas, lanche da tarde ou [&hellip;]<\/p>","protected":false},"featured_media":10057,"comment_status":"open","ping_status":"closed","template":"","meta":{"_acf_changed":false,"_glsr_average":0,"_glsr_ranking":0,"_glsr_reviews":0},"product_brand":[],"product_cat":[87,94,43],"product_tag":[],"class_list":{"0":"post-10056","1":"product","2":"type-product","3":"status-publish","4":"has-post-thumbnail","6":"product_cat-confeitaria","7":"product_cat-graos-farinhacos","8":"product_cat-grocery","10":"first","11":"instock","12":"taxable","13":"shipping-taxable","14":"purchasable","15":"product-type-simple"},"acf":[],"_links":{"self":[{"href":"https:\/\/mybrazil.co.uk\/en\/wp-json\/wp\/v2\/product\/10056","targetHints":{"allow":["GET"]}}],"collection":[{"href":"https:\/\/mybrazil.co.uk\/en\/wp-json\/wp\/v2\/product"}],"about":[{"href":"https:\/\/mybrazil.co.uk\/en\/wp-json\/wp\/v2\/types\/product"}],"replies":[{"embeddable":true,"href":"https:\/\/mybrazil.co.uk\/en\/wp-json\/wp\/v2\/comments?post=10056"}],"wp:featuredmedia":[{"embeddable":true,"href":"https:\/\/mybrazil.co.uk\/en\/wp-json\/wp\/v2\/media\/10057"}],"wp:attachment":[{"href":"https:\/\/mybrazil.co.uk\/en\/wp-json\/wp\/v2\/media?parent=10056"}],"wp:term":[{"taxonomy":"product_brand","embeddable":true,"href":"https:\/\/mybrazil.co.uk\/en\/wp-json\/wp\/v2\/product_brand?post=10056"},{"taxonomy":"product_cat","embeddable":true,"href":"https:\/\/mybrazil.co.uk\/en\/wp-json\/wp\/v2\/product_cat?post=10056"},{"taxonomy":"product_tag","embeddable":true,"href":"https:\/\/mybrazil.co.uk\/en\/wp-json\/wp\/v2\/product_tag?post=10056"}],"curies":[{"name":"wp","href":"https:\/\/api.w.org\/{rel}","templated":true}]}}