{"id":10045,"date":"2026-01-16T14:27:32","date_gmt":"2026-01-16T14:27:32","guid":{"rendered":"https:\/\/mybrazil.co.uk\/?post_type=product&#038;p=10045"},"modified":"2026-04-11T13:37:01","modified_gmt":"2026-04-11T12:37:01","slug":"tempero-baiano-40g-kitano","status":"publish","type":"product","link":"https:\/\/mybrazil.co.uk\/en\/shop\/tempero-baiano-40g-kitano\/","title":{"rendered":"Tempero Baiano 40g Kitano"},"content":{"rendered":"<p><strong data-start=\"357\" data-end=\"387\">Tempero Baiano Kitano 40 g<\/strong> \u00e9 uma mistura tradicional de ervas e especiarias que traz o sabor t\u00edpico da Bahia para suas receitas. Formulado com ingredientes selecionados, este tempero real\u00e7a o sabor de peixes, frutos do mar, moquecas, vatap\u00e1s e pratos salgados em geral. Vers\u00e1til e pr\u00e1tico, combina perfeitamente com azeite de dend\u00ea e leite de coco em preparos baianos ou para dar um toque arom\u00e1tico \u00e0s suas cria\u00e7\u00f5es culin\u00e1rias do dia a dia.<\/p>","protected":false},"excerpt":{"rendered":"<p>Tempero Baiano Kitano 40 g \u00e9 uma mistura tradicional de ervas e especiarias que traz o sabor t\u00edpico da Bahia para suas receitas. Formulado com ingredientes selecionados, este tempero real\u00e7a o sabor de peixes, frutos do mar, moquecas, vatap\u00e1s e pratos salgados em geral. Vers\u00e1til e pr\u00e1tico, combina perfeitamente com azeite de dend\u00ea e leite [&hellip;]<\/p>","protected":false},"featured_media":10046,"comment_status":"open","ping_status":"closed","template":"","meta":{"_acf_changed":false,"_glsr_average":0,"_glsr_ranking":0,"_glsr_reviews":0},"product_brand":[],"product_cat":[41],"product_tag":[],"class_list":{"0":"post-10045","1":"product","2":"type-product","3":"status-publish","4":"has-post-thumbnail","6":"product_cat-condiments-and-sauce","8":"first","9":"instock","10":"taxable","11":"shipping-taxable","12":"purchasable","13":"product-type-simple"},"acf":[],"_links":{"self":[{"href":"https:\/\/mybrazil.co.uk\/en\/wp-json\/wp\/v2\/product\/10045","targetHints":{"allow":["GET"]}}],"collection":[{"href":"https:\/\/mybrazil.co.uk\/en\/wp-json\/wp\/v2\/product"}],"about":[{"href":"https:\/\/mybrazil.co.uk\/en\/wp-json\/wp\/v2\/types\/product"}],"replies":[{"embeddable":true,"href":"https:\/\/mybrazil.co.uk\/en\/wp-json\/wp\/v2\/comments?post=10045"}],"wp:featuredmedia":[{"embeddable":true,"href":"https:\/\/mybrazil.co.uk\/en\/wp-json\/wp\/v2\/media\/10046"}],"wp:attachment":[{"href":"https:\/\/mybrazil.co.uk\/en\/wp-json\/wp\/v2\/media?parent=10045"}],"wp:term":[{"taxonomy":"product_brand","embeddable":true,"href":"https:\/\/mybrazil.co.uk\/en\/wp-json\/wp\/v2\/product_brand?post=10045"},{"taxonomy":"product_cat","embeddable":true,"href":"https:\/\/mybrazil.co.uk\/en\/wp-json\/wp\/v2\/product_cat?post=10045"},{"taxonomy":"product_tag","embeddable":true,"href":"https:\/\/mybrazil.co.uk\/en\/wp-json\/wp\/v2\/product_tag?post=10045"}],"curies":[{"name":"wp","href":"https:\/\/api.w.org\/{rel}","templated":true}]}}