{"id":10030,"date":"2026-01-15T11:00:22","date_gmt":"2026-01-15T11:00:22","guid":{"rendered":"https:\/\/mybrazil.co.uk\/?post_type=product&#038;p=10030"},"modified":"2026-04-16T18:37:14","modified_gmt":"2026-04-16T17:37:14","slug":"sal-de-parrilla-chimichurri-300g-oruam","status":"publish","type":"product","link":"https:\/\/mybrazil.co.uk\/en\/shop\/sal-de-parrilla-chimichurri-300g-oruam\/","title":{"rendered":"Sal de Parrilla chimichurri 300g Oruam"},"content":{"rendered":"<p><strong data-start=\"458\" data-end=\"505\">Sal de Parrilla com Chimichurri Oruam 300 g<\/strong> \u00e9 um tempero especialmente formulado para churrascos e grelhados, combinando a robustez do sal de parrilla com o sabor arom\u00e1tico e herb\u00e1ceo do chimichurri tradicional. Ideal para real\u00e7ar carnes bovinas, su\u00ednas, aves e vegetais, este sal temperado cria um sabor \u00fanico e marcante, perfeito para dar um toque especial antes ou depois do preparo na grelha. Ingredientes selecionados proporcionam um tempero pr\u00e1tico e vers\u00e1til para uso di\u00e1rio na cozinha ou no churrasco.<\/p>","protected":false},"excerpt":{"rendered":"<p>Sal de Parrilla com Chimichurri Oruam 300 g \u00e9 um tempero especialmente formulado para churrascos e grelhados, combinando a robustez do sal de parrilla com o sabor arom\u00e1tico e herb\u00e1ceo do chimichurri tradicional. Ideal para real\u00e7ar carnes bovinas, su\u00ednas, aves e vegetais, este sal temperado cria um sabor \u00fanico e marcante, perfeito para dar um [&hellip;]<\/p>","protected":false},"featured_media":10031,"comment_status":"open","ping_status":"closed","template":"","meta":{"_acf_changed":false,"_glsr_average":0,"_glsr_ranking":0,"_glsr_reviews":0},"product_brand":[],"product_cat":[103,41],"product_tag":[],"class_list":{"0":"post-10030","1":"product","2":"type-product","3":"status-publish","4":"has-post-thumbnail","6":"product_cat-churrasco","7":"product_cat-condiments-and-sauce","9":"first","10":"instock","11":"taxable","12":"shipping-taxable","13":"purchasable","14":"product-type-simple"},"acf":[],"_links":{"self":[{"href":"https:\/\/mybrazil.co.uk\/en\/wp-json\/wp\/v2\/product\/10030","targetHints":{"allow":["GET"]}}],"collection":[{"href":"https:\/\/mybrazil.co.uk\/en\/wp-json\/wp\/v2\/product"}],"about":[{"href":"https:\/\/mybrazil.co.uk\/en\/wp-json\/wp\/v2\/types\/product"}],"replies":[{"embeddable":true,"href":"https:\/\/mybrazil.co.uk\/en\/wp-json\/wp\/v2\/comments?post=10030"}],"wp:featuredmedia":[{"embeddable":true,"href":"https:\/\/mybrazil.co.uk\/en\/wp-json\/wp\/v2\/media\/10031"}],"wp:attachment":[{"href":"https:\/\/mybrazil.co.uk\/en\/wp-json\/wp\/v2\/media?parent=10030"}],"wp:term":[{"taxonomy":"product_brand","embeddable":true,"href":"https:\/\/mybrazil.co.uk\/en\/wp-json\/wp\/v2\/product_brand?post=10030"},{"taxonomy":"product_cat","embeddable":true,"href":"https:\/\/mybrazil.co.uk\/en\/wp-json\/wp\/v2\/product_cat?post=10030"},{"taxonomy":"product_tag","embeddable":true,"href":"https:\/\/mybrazil.co.uk\/en\/wp-json\/wp\/v2\/product_tag?post=10030"}],"curies":[{"name":"wp","href":"https:\/\/api.w.org\/{rel}","templated":true}]}}